{"id":16455,"date":"2017-09-14T10:59:48","date_gmt":"2017-09-14T08:59:48","guid":{"rendered":"https:\/\/www.giemme.net\/pvc\/"},"modified":"2024-11-13T23:35:38","modified_gmt":"2024-11-13T22:35:38","slug":"pvc","status":"publish","type":"page","link":"https:\/\/www.giemme.net\/es\/portfolio\/carpinteria\/pvc\/","title":{"rendered":"PVC"},"content":{"rendered":"<p>[vc_row content_aligment=\u00bbcenter\u00bb][vc_column][vc_single_image image=\u00bb13098&#8243; img_size=\u00bbfull\u00bb][\/vc_column][\/vc_row][vc_row content_width=\u00bbgrid\u00bb css=\u00bb.vc_custom_1506941359690{padding-top: 102px !important;padding-bottom: 71px !important;}\u00bb][vc_column width=\u00bb1\/4&#8243;][vc_column_text]<\/p>\n<h2>CARPINTER\u00cdA DE PVC<\/h2>\n<p>[\/vc_column_text]<div class=\"edgtf-separator-holder clearfix  edgtf-separator-left\">\n\t<div class=\"edgtf-separator\" style=\"border-color: #a1b7c0;border-style: solid;width: 50px;border-bottom-width: 3px;margin-top: 16px;margin-bottom: 40px\"><\/div>\n<\/div>\n[\/vc_column][vc_column width=\u00bb3\/4&#8243;][vc_column_text]<strong>La carpinter\u00eda de PVC combina funcionalidad y seguridad, innovaci\u00f3n y dise\u00f1o<\/strong>. Adem\u00e1s, reduce notablemente los gastos de mantenimiento del edificio, ya que el perfil de la ventana \u2013equipado con c\u00e1maras de aire y juntas de estanqueidad\u2013 permite alcanzar un aislamiento t\u00e9rmico de alto nivel. <strong>Sobre todo en aquellas zonas residenciales muy expuestas a la contaminaci\u00f3n ac\u00fastica, estas ventanas logran satisfacer cualquier necesidad de aislamiento ac\u00fastico y, mediante la instalaci\u00f3n de cristales aislantes espec\u00edficos, se alcanza una reducci\u00f3n de ruido excelente. El PVC es un material ecosostenible, ya que es reciclable al 100%<\/strong>. La carpinter\u00eda de PVC est\u00e1 disponible en diferentes clases de protecci\u00f3n antirrobo en funci\u00f3n de las necesidades espec\u00edficas del cliente. Adem\u00e1s, la carpinter\u00eda de PVC destaca por su durabilidad a largo plazo y su excepcional resistencia a las condiciones meteorol\u00f3gicas desfavorables. <strong>Por \u00faltimo, cuenta con otra caracter\u00edstica importante: es autoextinguible. Por tanto, en caso de incendios, no habr\u00e1 propagaci\u00f3n de llamas, lo cual garantiza una alta seguridad<\/strong>.<\/p>\n<p>Nuestro personal t\u00e9cnico sabr\u00e1 no solo aclarar cualquiera de tus dudas, sino tambi\u00e9n guiarte en la elecci\u00f3n de los productos m\u00e1s adecuados para tus necesidades.[\/vc_column_text][\/vc_column][\/vc_row][vc_row content_width=\u00bbgrid\u00bb][vc_column width=\u00bb1\/6&#8243;]<div class=\"edgtf-iwt clearfix edgtf-iwt-icon-top edgtf-iwt-icon-tiny\">\n    <div class=\"edgtf-iwt-icon-holder\">\n                    <img loading=\"lazy\" decoding=\"async\" width=\"100\" height=\"100\" src=\"https:\/\/www.giemme.net\/wp-content\/uploads\/2020\/01\/facile-P.png\" class=\"attachment-full size-full\" alt=\"\" \/>            <\/div>\n    <div class=\"edgtf-iwt-content-holder\" >\n        <div class=\"edgtf-iwt-title-holder\">\n            <h4 style=\"color: #a1b7c0\">F\u00c1CILES DE INSTALAR<\/h4>\n        <\/div>\n        <div class=\"edgtf-iwt-text-holder\">\n            <p ><\/p>\n\n                    <\/div>\n    <\/div>\n<\/div>[vc_empty_space][\/vc_column][vc_column width=\u00bb1\/6&#8243;]<div class=\"edgtf-iwt clearfix edgtf-iwt-icon-top edgtf-iwt-icon-tiny\">\n    <div class=\"edgtf-iwt-icon-holder\">\n                    <img loading=\"lazy\" decoding=\"async\" width=\"100\" height=\"100\" src=\"https:\/\/www.giemme.net\/wp-content\/uploads\/2020\/01\/cerniere-P.png\" class=\"attachment-full size-full\" alt=\"\" \/>            <\/div>\n    <div class=\"edgtf-iwt-content-holder\" >\n        <div class=\"edgtf-iwt-title-holder\">\n            <h4 style=\"color: #a1b7c0\">BISAGRAS REGULABLES<\/h4>\n        <\/div>\n        <div class=\"edgtf-iwt-text-holder\">\n            <p ><\/p>\n\n                    <\/div>\n    <\/div>\n<\/div>[vc_empty_space][\/vc_column][vc_column width=\u00bb1\/6&#8243;]<div class=\"edgtf-iwt clearfix edgtf-iwt-icon-top edgtf-iwt-icon-tiny\">\n    <div class=\"edgtf-iwt-icon-holder\">\n                    <img loading=\"lazy\" decoding=\"async\" width=\"100\" height=\"100\" src=\"https:\/\/www.giemme.net\/wp-content\/uploads\/2020\/01\/manutenzione-P.png\" class=\"attachment-full size-full\" alt=\"\" \/>            <\/div>\n    <div class=\"edgtf-iwt-content-holder\" >\n        <div class=\"edgtf-iwt-title-holder\">\n            <h4 style=\"color: #a1b7c0\">DE F\u00c1CIL MANTENIMIENTO<\/h4>\n        <\/div>\n        <div class=\"edgtf-iwt-text-holder\">\n            <p ><\/p>\n\n                    <\/div>\n    <\/div>\n<\/div>[vc_empty_space][\/vc_column][vc_column width=\u00bb1\/6&#8243;]<div class=\"edgtf-iwt clearfix edgtf-iwt-icon-top edgtf-iwt-icon-tiny\">\n    <div class=\"edgtf-iwt-icon-holder\">\n                    <img loading=\"lazy\" decoding=\"async\" width=\"100\" height=\"100\" src=\"https:\/\/www.giemme.net\/wp-content\/uploads\/2020\/01\/vernice-P.png\" class=\"attachment-full size-full\" alt=\"\" \/>            <\/div>\n    <div class=\"edgtf-iwt-content-holder\" >\n        <div class=\"edgtf-iwt-title-holder\">\n            <h4 style=\"color: #a1b7c0\">GARANT\u00cdA DE BARNIZADO<\/h4>\n        <\/div>\n        <div class=\"edgtf-iwt-text-holder\">\n            <p ><\/p>\n\n                    <\/div>\n    <\/div>\n<\/div>[vc_empty_space][\/vc_column][vc_column width=\u00bb1\/6&#8243;]<div class=\"edgtf-iwt clearfix edgtf-iwt-icon-top edgtf-iwt-icon-tiny\">\n    <div class=\"edgtf-iwt-icon-holder\">\n                    <img loading=\"lazy\" decoding=\"async\" width=\"100\" height=\"100\" src=\"https:\/\/www.giemme.net\/wp-content\/uploads\/2020\/01\/design-P.png\" class=\"attachment-full size-full\" alt=\"\" \/>            <\/div>\n    <div class=\"edgtf-iwt-content-holder\" >\n        <div class=\"edgtf-iwt-title-holder\">\n            <h4 style=\"color: #a1b7c0\">DISE\u00d1O PERSONALIZABLE<\/h4>\n        <\/div>\n        <div class=\"edgtf-iwt-text-holder\">\n            <p ><\/p>\n\n                    <\/div>\n    <\/div>\n<\/div>[vc_empty_space][\/vc_column][vc_column width=\u00bb1\/6&#8243;]<div class=\"edgtf-iwt clearfix edgtf-iwt-icon-top edgtf-iwt-icon-tiny\">\n    <div class=\"edgtf-iwt-icon-holder\">\n                    <img loading=\"lazy\" decoding=\"async\" width=\"100\" height=\"100\" src=\"https:\/\/www.giemme.net\/wp-content\/uploads\/2020\/01\/funzionale-P.png\" class=\"attachment-full size-full\" alt=\"\" \/>            <\/div>\n    <div class=\"edgtf-iwt-content-holder\" >\n        <div class=\"edgtf-iwt-title-holder\">\n            <h4 style=\"color: #a1b7c0\">LA ESENCIA DE LA FUNCIONALIDAD<\/h4>\n        <\/div>\n        <div class=\"edgtf-iwt-text-holder\">\n            <p ><\/p>\n\n                    <\/div>\n    <\/div>\n<\/div>[vc_empty_space][\/vc_column][\/vc_row][vc_row content_width=\u00bbgrid\u00bb][vc_column]<div class = \"edgtf-portfolio-list-holder-outer edgtf-ptf-standard edgtf-ptf-four-columns edgtf-ptf-load-more edgtf-ptf-has-filter edgtf-hover-outline\" data-next-page=\"2\" data-type=\"standard\" data-columns=\"4\" data-grid-size=\"three\" data-order-by=\"date\" data-order=\"ASC\" data-number=\"-1\" data-image-size=\"square\" data-filter=\"yes\" data-filter-order-by=\"name\" data-category=\"pvc\" data-show-load-more=\"yes\" data-title-tag=\"h4\" data-max-num-pages = 0><div class=\"edgtf-portfolio-filter-holder \">\n    <div class=\"edgtf-portfolio-filter-holder-inner\">\n                \n            <\/div>\n<\/div><div class = \"edgtf-portfolio-list-holder clearfix\" >\n<article class=\"edgtf-portfolio-item mix portfolio_category_650 portfolio_category_652\">\n\t<div class = \"edgtf-item-image-holder\">\n\t\t<a href=\"https:\/\/www.giemme.net\/es\/portfolio-item\/carpinteria-de-pvc-synego-80\/\">\n\t\t\t<img loading=\"lazy\" decoding=\"async\" width=\"550\" height=\"550\" src=\"https:\/\/www.giemme.net\/wp-content\/uploads\/2021\/07\/pvc-synego-80-05-550x550.jpg\" class=\"attachment-ratio_edge_square size-ratio_edge_square wp-post-image\" alt=\"\" srcset=\"https:\/\/www.giemme.net\/wp-content\/uploads\/2021\/07\/pvc-synego-80-05-550x550.jpg 550w, https:\/\/www.giemme.net\/wp-content\/uploads\/2021\/07\/pvc-synego-80-05-300x300.jpg 300w, https:\/\/www.giemme.net\/wp-content\/uploads\/2021\/07\/pvc-synego-80-05-150x150.jpg 150w, https:\/\/www.giemme.net\/wp-content\/uploads\/2021\/07\/pvc-synego-80-05.jpg 682w\" sizes=\"auto, (max-width: 550px) 100vw, 550px\" \/>\t\t\t<span class=\"edgtf-view-project\">View Project<\/span>\n\t\t\t<span class=\"edgtf-hover-border\"><\/span>\n\t\t<\/a>\n\t<\/div>\n\t<div class=\"edgtf-item-text-holder\">\n\t\t<h4 class=\"edgtf-item-title\">\n\t\t\t<a href=\"https:\/\/www.giemme.net\/es\/portfolio-item\/carpinteria-de-pvc-synego-80\/\">\n\t\t\t\tSynego 80\t\t\t<\/a>\t\n\t\t<\/h4>\t\n\t\t<h6 class=\"edgtf-ptf-category-holder\"><span>Carpinter\u00eda<\/span>, <span>PVC<\/span><\/h6>\t<\/div>\n<\/article>\n\n\n<article class=\"edgtf-portfolio-item mix portfolio_category_650 portfolio_category_652\">\n\t<div class = \"edgtf-item-image-holder\">\n\t\t<a href=\"https:\/\/www.giemme.net\/es\/portfolio-item\/carpinteria-pvc-pvc-alu\/\">\n\t\t\t<img loading=\"lazy\" decoding=\"async\" width=\"550\" height=\"550\" src=\"https:\/\/www.giemme.net\/wp-content\/uploads\/2021\/07\/pvc-alu-04.jpg\" class=\"attachment-ratio_edge_square size-ratio_edge_square wp-post-image\" alt=\"\" srcset=\"https:\/\/www.giemme.net\/wp-content\/uploads\/2021\/07\/pvc-alu-04.jpg 551w, https:\/\/www.giemme.net\/wp-content\/uploads\/2021\/07\/pvc-alu-04-300x300.jpg 300w, https:\/\/www.giemme.net\/wp-content\/uploads\/2021\/07\/pvc-alu-04-150x150.jpg 150w\" sizes=\"auto, (max-width: 550px) 100vw, 550px\" \/>\t\t\t<span class=\"edgtf-view-project\">View Project<\/span>\n\t\t\t<span class=\"edgtf-hover-border\"><\/span>\n\t\t<\/a>\n\t<\/div>\n\t<div class=\"edgtf-item-text-holder\">\n\t\t<h4 class=\"edgtf-item-title\">\n\t\t\t<a href=\"https:\/\/www.giemme.net\/es\/portfolio-item\/carpinteria-pvc-pvc-alu\/\">\n\t\t\t\tPVC\/ALU\t\t\t<\/a>\t\n\t\t<\/h4>\t\n\t\t<h6 class=\"edgtf-ptf-category-holder\"><span>Carpinter\u00eda<\/span>, <span>PVC<\/span><\/h6>\t<\/div>\n<\/article>\n\n\n<article class=\"edgtf-portfolio-item mix portfolio_category_650 portfolio_category_652\">\n\t<div class = \"edgtf-item-image-holder\">\n\t\t<a href=\"https:\/\/www.giemme.net\/es\/portfolio-item\/carpinteria-de-pvc-geneo-86\/\">\n\t\t\t<img loading=\"lazy\" decoding=\"async\" width=\"550\" height=\"550\" src=\"https:\/\/www.giemme.net\/wp-content\/uploads\/2021\/07\/pvc-geneo-02-550x550.jpg\" class=\"attachment-ratio_edge_square size-ratio_edge_square wp-post-image\" alt=\"\" srcset=\"https:\/\/www.giemme.net\/wp-content\/uploads\/2021\/07\/pvc-geneo-02-550x550.jpg 550w, https:\/\/www.giemme.net\/wp-content\/uploads\/2021\/07\/pvc-geneo-02-300x300.jpg 300w, https:\/\/www.giemme.net\/wp-content\/uploads\/2021\/07\/pvc-geneo-02-150x150.jpg 150w, https:\/\/www.giemme.net\/wp-content\/uploads\/2021\/07\/pvc-geneo-02.jpg 570w\" sizes=\"auto, (max-width: 550px) 100vw, 550px\" \/>\t\t\t<span class=\"edgtf-view-project\">View Project<\/span>\n\t\t\t<span class=\"edgtf-hover-border\"><\/span>\n\t\t<\/a>\n\t<\/div>\n\t<div class=\"edgtf-item-text-holder\">\n\t\t<h4 class=\"edgtf-item-title\">\n\t\t\t<a href=\"https:\/\/www.giemme.net\/es\/portfolio-item\/carpinteria-de-pvc-geneo-86\/\">\n\t\t\t\tGeneo 86\t\t\t<\/a>\t\n\t\t<\/h4>\t\n\t\t<h6 class=\"edgtf-ptf-category-holder\"><span>Carpinter\u00eda<\/span>, <span>PVC<\/span><\/h6>\t<\/div>\n<\/article>\n\n\n<article class=\"edgtf-portfolio-item mix portfolio_category_650 portfolio_category_652\">\n\t<div class = \"edgtf-item-image-holder\">\n\t\t<a href=\"https:\/\/www.giemme.net\/es\/portfolio-item\/carpinteria-de-pvc-rehau-70-80\/\">\n\t\t\t<img loading=\"lazy\" decoding=\"async\" width=\"550\" height=\"550\" src=\"https:\/\/www.giemme.net\/wp-content\/uploads\/2021\/07\/pvc-rehau-70-80-03-550x550.jpg\" class=\"attachment-ratio_edge_square size-ratio_edge_square wp-post-image\" alt=\"\" srcset=\"https:\/\/www.giemme.net\/wp-content\/uploads\/2021\/07\/pvc-rehau-70-80-03-550x550.jpg 550w, https:\/\/www.giemme.net\/wp-content\/uploads\/2021\/07\/pvc-rehau-70-80-03-300x300.jpg 300w, https:\/\/www.giemme.net\/wp-content\/uploads\/2021\/07\/pvc-rehau-70-80-03-150x150.jpg 150w, https:\/\/www.giemme.net\/wp-content\/uploads\/2021\/07\/pvc-rehau-70-80-03.jpg 644w\" sizes=\"auto, (max-width: 550px) 100vw, 550px\" \/>\t\t\t<span class=\"edgtf-view-project\">View Project<\/span>\n\t\t\t<span class=\"edgtf-hover-border\"><\/span>\n\t\t<\/a>\n\t<\/div>\n\t<div class=\"edgtf-item-text-holder\">\n\t\t<h4 class=\"edgtf-item-title\">\n\t\t\t<a href=\"https:\/\/www.giemme.net\/es\/portfolio-item\/carpinteria-de-pvc-rehau-70-80\/\">\n\t\t\t\tRehau 70\/80\t\t\t<\/a>\t\n\t\t<\/h4>\t\n\t\t<h6 class=\"edgtf-ptf-category-holder\"><span>Carpinter\u00eda<\/span>, <span>PVC<\/span><\/h6>\t<\/div>\n<\/article>\n\n\n<article class=\"edgtf-portfolio-item mix portfolio_category_650 portfolio_category_652\">\n\t<div class = \"edgtf-item-image-holder\">\n\t\t<a href=\"https:\/\/www.giemme.net\/es\/portfolio-item\/carpinteria-de-pvc-corredera-elevable-synego-80\/\">\n\t\t\t<img loading=\"lazy\" decoding=\"async\" width=\"550\" height=\"550\" src=\"https:\/\/www.giemme.net\/wp-content\/uploads\/2021\/07\/pvc-synego-80-02-550x550.jpg\" class=\"attachment-ratio_edge_square size-ratio_edge_square wp-post-image\" alt=\"\" srcset=\"https:\/\/www.giemme.net\/wp-content\/uploads\/2021\/07\/pvc-synego-80-02-550x550.jpg 550w, https:\/\/www.giemme.net\/wp-content\/uploads\/2021\/07\/pvc-synego-80-02-150x150.jpg 150w\" sizes=\"auto, (max-width: 550px) 100vw, 550px\" \/>\t\t\t<span class=\"edgtf-view-project\">View Project<\/span>\n\t\t\t<span class=\"edgtf-hover-border\"><\/span>\n\t\t<\/a>\n\t<\/div>\n\t<div class=\"edgtf-item-text-holder\">\n\t\t<h4 class=\"edgtf-item-title\">\n\t\t\t<a href=\"https:\/\/www.giemme.net\/es\/portfolio-item\/carpinteria-de-pvc-corredera-elevable-synego-80\/\">\n\t\t\t\tCorredera elevable Synego 80\t\t\t<\/a>\t\n\t\t<\/h4>\t\n\t\t<h6 class=\"edgtf-ptf-category-holder\"><span>Carpinter\u00eda<\/span>, <span>PVC<\/span><\/h6>\t<\/div>\n<\/article>\n\n<div class='edgtf-portfolio-gap'><\/div>\n<div class='edgtf-portfolio-gap'><\/div>\n<div class='edgtf-portfolio-gap'><\/div>\n<div class='edgtf-portfolio-gap'><\/div>\n<\/div><\/div>[\/vc_column][\/vc_row][vc_row][vc_column]\t<div class=\"edgtf-call-to-action normal\" >\n\t\t\n\t\t\t\t<div class=\"edgtf-container-inner\">\n\t\t\n\t\t\t<div class=\"edgtf-call-to-action-together\" style=\"padding: 20px;text-align:center\">\n\t\t\t\t<div class=\"edgtf-text-wrapper edgtf-call-to-action-column1 edgtf-call-to-action-cell\">\n\t\t\t\t\t\t\t\t\t<div class=\"edgtf-call-to-action-text\" >\n<h3><strong><span style=\"color: #ffffff;\">\u00bfQuieres recibir m\u00e1s informaci\u00f3n o un presupuesto?<\/span><\/strong><\/h3>\n<\/div>\n\t\t\t\t<\/div>\n\n\t\t\t\t\t\t\t\t\t<div class=\"edgtf-button-wrapper edgtf-call-to-action-column2 edgtf-call-to-action-cell\" style =\"text-align: right ;\">\n\t\t\t\t\t\t<a href=\"\/es\/contactos\/\" target=\"_self\"  class=\"edgtf-btn edgtf-btn-large edgtf-btn-outline edgtf-has-hover\"  >    <span class=\"edgtf-btn-text\">Contactos<\/span>    <span class=\"edgtf-btn-background-holder\" ><\/span>    <span class=\"edgtf-btn-background-hover-holder\" ><\/span><\/a>\t\t\t\t\t<\/div>\n\t\t\t\t\t\t\t<\/div>\n\t\t\t\t<\/div>\n\t\t\t<\/div>\n[\/vc_column][\/vc_row]<\/p>\n","protected":false},"excerpt":{"rendered":"<p>[vc_row content_aligment=\u00bbcenter\u00bb][vc_column][vc_single_image image=\u00bb13098&#8243; img_size=\u00bbfull\u00bb][\/vc_column][\/vc_row][vc_row content_width=\u00bbgrid\u00bb css=\u00bb.vc_custom_1506941359690{padding-top: 102px !important;padding-bottom: 71px !important;}\u00bb][vc_column width=\u00bb1\/4&#8243;][vc_column_text] CARPINTER\u00cdA DE PVC [\/vc_column_text][\/vc_column][vc_column width=\u00bb3\/4&#8243;][vc_column_text]La carpinter\u00eda de PVC combina funcionalidad y seguridad, innovaci\u00f3n y dise\u00f1o. Adem\u00e1s, reduce notablemente los gastos de mantenimiento del edificio, ya que el perfil de la ventana \u2013equipado con c\u00e1maras&#8230;<\/p>\n","protected":false},"author":1,"featured_media":0,"parent":16828,"menu_order":0,"comment_status":"closed","ping_status":"closed","template":"full-width.php","meta":{"ngg_post_thumbnail":0,"footnotes":""},"class_list":["post-16455","page","type-page","status-publish","hentry"],"yoast_head":"<!-- This site is optimized with the Yoast SEO plugin v27.4 - https:\/\/yoast.com\/product\/yoast-seo-wordpress\/ -->\n<title>Giemme - Carpinter\u00eda de PVC<\/title>\n<meta name=\"description\" content=\"La carpinter\u00eda (Ventanas, Balconeras, Correderas y Correderas Elevables) de PVC GIEMME se fabrica con madera de alta selecci\u00f3n procedente de proveedores sostenibles, los cuales ofrecen madera laminada con adhesivos certificados que garantizan estabilidad, durabilidad a largo plazo y alto rendimiento est\u00e9tico.\" \/>\n<meta name=\"robots\" content=\"index, follow, max-snippet:-1, max-image-preview:large, max-video-preview:-1\" \/>\n<link rel=\"canonical\" href=\"https:\/\/www.giemme.net\/es\/portfolio\/carpinteria\/pvc\/\" \/>\n<meta property=\"og:locale\" content=\"es_ES\" \/>\n<meta property=\"og:type\" content=\"article\" \/>\n<meta property=\"og:title\" content=\"Giemme - Carpinter\u00eda de PVC\" \/>\n<meta property=\"og:description\" content=\"La carpinter\u00eda (Ventanas, Balconeras, Correderas y Correderas Elevables) de PVC GIEMME se fabrica con madera de alta selecci\u00f3n procedente de proveedores sostenibles, los cuales ofrecen madera laminada con adhesivos certificados que garantizan estabilidad, durabilidad a largo plazo y alto rendimiento est\u00e9tico.\" \/>\n<meta property=\"og:url\" content=\"https:\/\/www.giemme.net\/es\/portfolio\/carpinteria\/pvc\/\" \/>\n<meta property=\"og:site_name\" content=\"Giemme | Produzione e Vendita di Finestre, Serramenti, Infissi e Scorrevoli\" \/>\n<meta property=\"article:modified_time\" content=\"2024-11-13T22:35:38+00:00\" \/>\n<meta name=\"twitter:card\" content=\"summary_large_image\" \/>\n<meta name=\"twitter:label1\" content=\"Tiempo de lectura\" \/>\n\t<meta name=\"twitter:data1\" content=\"2 minutos\" \/>\n<script type=\"application\/ld+json\" class=\"yoast-schema-graph\">{\"@context\":\"https:\\\/\\\/schema.org\",\"@graph\":[{\"@type\":\"WebPage\",\"@id\":\"https:\\\/\\\/www.giemme.net\\\/es\\\/portfolio\\\/carpinteria\\\/pvc\\\/\",\"url\":\"https:\\\/\\\/www.giemme.net\\\/es\\\/portfolio\\\/carpinteria\\\/pvc\\\/\",\"name\":\"Giemme - Carpinter\u00eda de PVC\",\"isPartOf\":{\"@id\":\"https:\\\/\\\/www.giemme.net\\\/#website\"},\"datePublished\":\"2017-09-14T08:59:48+00:00\",\"dateModified\":\"2024-11-13T22:35:38+00:00\",\"description\":\"La carpinter\u00eda (Ventanas, Balconeras, Correderas y Correderas Elevables) de PVC GIEMME se fabrica con madera de alta selecci\u00f3n procedente de proveedores sostenibles, los cuales ofrecen madera laminada con adhesivos certificados que garantizan estabilidad, durabilidad a largo plazo y alto rendimiento est\u00e9tico.\",\"breadcrumb\":{\"@id\":\"https:\\\/\\\/www.giemme.net\\\/es\\\/portfolio\\\/carpinteria\\\/pvc\\\/#breadcrumb\"},\"inLanguage\":\"es\",\"potentialAction\":[{\"@type\":\"ReadAction\",\"target\":[\"https:\\\/\\\/www.giemme.net\\\/es\\\/portfolio\\\/carpinteria\\\/pvc\\\/\"]}]},{\"@type\":\"BreadcrumbList\",\"@id\":\"https:\\\/\\\/www.giemme.net\\\/es\\\/portfolio\\\/carpinteria\\\/pvc\\\/#breadcrumb\",\"itemListElement\":[{\"@type\":\"ListItem\",\"position\":1,\"name\":\"Home\",\"item\":\"https:\\\/\\\/www.giemme.net\\\/es\\\/\"},{\"@type\":\"ListItem\",\"position\":2,\"name\":\"Portfolio\",\"item\":\"https:\\\/\\\/www.giemme.net\\\/es\\\/portfolio\\\/\"},{\"@type\":\"ListItem\",\"position\":3,\"name\":\"Carpinter\u00eda\",\"item\":\"https:\\\/\\\/www.giemme.net\\\/es\\\/portfolio\\\/carpinteria\\\/\"},{\"@type\":\"ListItem\",\"position\":4,\"name\":\"PVC\"}]},{\"@type\":\"WebSite\",\"@id\":\"https:\\\/\\\/www.giemme.net\\\/#website\",\"url\":\"https:\\\/\\\/www.giemme.net\\\/\",\"name\":\"Giemme | Produzione e Vendita di Finestre, Serramenti, Infissi e Scorrevoli\",\"description\":\"Finestre Italiane di Design\",\"potentialAction\":[{\"@type\":\"SearchAction\",\"target\":{\"@type\":\"EntryPoint\",\"urlTemplate\":\"https:\\\/\\\/www.giemme.net\\\/?s={search_term_string}\"},\"query-input\":{\"@type\":\"PropertyValueSpecification\",\"valueRequired\":true,\"valueName\":\"search_term_string\"}}],\"inLanguage\":\"es\"}]}<\/script>\n<!-- \/ Yoast SEO plugin. -->","yoast_head_json":{"title":"Giemme - Carpinter\u00eda de PVC","description":"La carpinter\u00eda (Ventanas, Balconeras, Correderas y Correderas Elevables) de PVC GIEMME se fabrica con madera de alta selecci\u00f3n procedente de proveedores sostenibles, los cuales ofrecen madera laminada con adhesivos certificados que garantizan estabilidad, durabilidad a largo plazo y alto rendimiento est\u00e9tico.","robots":{"index":"index","follow":"follow","max-snippet":"max-snippet:-1","max-image-preview":"max-image-preview:large","max-video-preview":"max-video-preview:-1"},"canonical":"https:\/\/www.giemme.net\/es\/portfolio\/carpinteria\/pvc\/","og_locale":"es_ES","og_type":"article","og_title":"Giemme - Carpinter\u00eda de PVC","og_description":"La carpinter\u00eda (Ventanas, Balconeras, Correderas y Correderas Elevables) de PVC GIEMME se fabrica con madera de alta selecci\u00f3n procedente de proveedores sostenibles, los cuales ofrecen madera laminada con adhesivos certificados que garantizan estabilidad, durabilidad a largo plazo y alto rendimiento est\u00e9tico.","og_url":"https:\/\/www.giemme.net\/es\/portfolio\/carpinteria\/pvc\/","og_site_name":"Giemme | Produzione e Vendita di Finestre, Serramenti, Infissi e Scorrevoli","article_modified_time":"2024-11-13T22:35:38+00:00","twitter_card":"summary_large_image","twitter_misc":{"Tiempo de lectura":"2 minutos"},"schema":{"@context":"https:\/\/schema.org","@graph":[{"@type":"WebPage","@id":"https:\/\/www.giemme.net\/es\/portfolio\/carpinteria\/pvc\/","url":"https:\/\/www.giemme.net\/es\/portfolio\/carpinteria\/pvc\/","name":"Giemme - Carpinter\u00eda de PVC","isPartOf":{"@id":"https:\/\/www.giemme.net\/#website"},"datePublished":"2017-09-14T08:59:48+00:00","dateModified":"2024-11-13T22:35:38+00:00","description":"La carpinter\u00eda (Ventanas, Balconeras, Correderas y Correderas Elevables) de PVC GIEMME se fabrica con madera de alta selecci\u00f3n procedente de proveedores sostenibles, los cuales ofrecen madera laminada con adhesivos certificados que garantizan estabilidad, durabilidad a largo plazo y alto rendimiento est\u00e9tico.","breadcrumb":{"@id":"https:\/\/www.giemme.net\/es\/portfolio\/carpinteria\/pvc\/#breadcrumb"},"inLanguage":"es","potentialAction":[{"@type":"ReadAction","target":["https:\/\/www.giemme.net\/es\/portfolio\/carpinteria\/pvc\/"]}]},{"@type":"BreadcrumbList","@id":"https:\/\/www.giemme.net\/es\/portfolio\/carpinteria\/pvc\/#breadcrumb","itemListElement":[{"@type":"ListItem","position":1,"name":"Home","item":"https:\/\/www.giemme.net\/es\/"},{"@type":"ListItem","position":2,"name":"Portfolio","item":"https:\/\/www.giemme.net\/es\/portfolio\/"},{"@type":"ListItem","position":3,"name":"Carpinter\u00eda","item":"https:\/\/www.giemme.net\/es\/portfolio\/carpinteria\/"},{"@type":"ListItem","position":4,"name":"PVC"}]},{"@type":"WebSite","@id":"https:\/\/www.giemme.net\/#website","url":"https:\/\/www.giemme.net\/","name":"Giemme | Produzione e Vendita di Finestre, Serramenti, Infissi e Scorrevoli","description":"Finestre Italiane di Design","potentialAction":[{"@type":"SearchAction","target":{"@type":"EntryPoint","urlTemplate":"https:\/\/www.giemme.net\/?s={search_term_string}"},"query-input":{"@type":"PropertyValueSpecification","valueRequired":true,"valueName":"search_term_string"}}],"inLanguage":"es"}]}},"_links":{"self":[{"href":"https:\/\/www.giemme.net\/es\/wp-json\/wp\/v2\/pages\/16455","targetHints":{"allow":["GET"]}}],"collection":[{"href":"https:\/\/www.giemme.net\/es\/wp-json\/wp\/v2\/pages"}],"about":[{"href":"https:\/\/www.giemme.net\/es\/wp-json\/wp\/v2\/types\/page"}],"author":[{"embeddable":true,"href":"https:\/\/www.giemme.net\/es\/wp-json\/wp\/v2\/users\/1"}],"replies":[{"embeddable":true,"href":"https:\/\/www.giemme.net\/es\/wp-json\/wp\/v2\/comments?post=16455"}],"version-history":[{"count":2,"href":"https:\/\/www.giemme.net\/es\/wp-json\/wp\/v2\/pages\/16455\/revisions"}],"predecessor-version":[{"id":16872,"href":"https:\/\/www.giemme.net\/es\/wp-json\/wp\/v2\/pages\/16455\/revisions\/16872"}],"up":[{"embeddable":true,"href":"https:\/\/www.giemme.net\/es\/wp-json\/wp\/v2\/pages\/16828"}],"wp:attachment":[{"href":"https:\/\/www.giemme.net\/es\/wp-json\/wp\/v2\/media?parent=16455"}],"curies":[{"name":"wp","href":"https:\/\/api.w.org\/{rel}","templated":true}]}}