{"id":16453,"date":"2017-09-14T11:39:34","date_gmt":"2017-09-14T09:39:34","guid":{"rendered":"https:\/\/www.giemme.net\/complementi\/"},"modified":"2024-11-13T09:02:17","modified_gmt":"2024-11-13T08:02:17","slug":"complementos","status":"publish","type":"page","link":"https:\/\/www.giemme.net\/es\/portfolio\/complementos\/","title":{"rendered":"Complementos"},"content":{"rendered":"<p>[vc_row][vc_column][rev_slider_vc alias=\u00bbcomplementi\u00bb][\/vc_column][\/vc_row][vc_row content_width=\u00bbgrid\u00bb content_aligment=\u00bbcenter\u00bb css=\u00bb.vc_custom_1505391751168{padding-top: 104px !important;padding-bottom: 69px !important;}\u00bb][vc_column][vc_column_text]<\/p>\n<h2>Complementos<\/h2>\n<p>[\/vc_column_text][vc_empty_space height=\u00bb15px\u00bb]\n<p class=\"edgtf-section-subtitle vc_custom_1731484779870\" style=\"text-align:center\">\n\tGiemme propone una gama de Sistemas de Seguridad, como Puertas Blindadas y Rejas. Adem\u00e1s, nuestros expertos te guiar\u00e1n en la elecci\u00f3n de otros complementos, tales como Mosquiteras, Puertas de garaje y Puertas Basculantes (manuales y autom\u00e1ticas)<\/p><div class=\"edgtf-separator-holder clearfix  edgtf-separator-center\">\n\t<div class=\"edgtf-separator\" style=\"border-color: #129048;border-style: solid;width: 50px;border-bottom-width: 1px;margin-top: 16px;margin-bottom: 16px\"><\/div>\n<\/div>\n[vc_empty_space]<div class = \"edgtf-portfolio-list-holder-outer edgtf-ptf-standard edgtf-ptf-four-columns edgtf-ptf-load-more edgtf-ptf-has-filter edgtf-hover-outline\" data-next-page=\"2\" data-type=\"standard\" data-columns=\"4\" data-grid-size=\"three\" data-order-by=\"date\" data-order=\"ASC\" data-number=\"-1\" data-image-size=\"square\" data-filter=\"yes\" data-filter-order-by=\"name\" data-category=\"Complementi\" data-show-load-more=\"yes\" data-title-tag=\"h4\" data-max-num-pages = 0><div class=\"edgtf-portfolio-filter-holder \">\n    <div class=\"edgtf-portfolio-filter-holder-inner\">\n                        \t<h6 class=\"edgtf-filter-heading\">Filter:<\/h6>\n            <ul class=\"edgtf-portfolio-filter-parent-categories clearfix\"\n                data-class=\"filter_1112732646\">\n                                <li class=\"edgtf-all-filter filter edgtf-parent-filter filter_1112732646\" data-filter=\"all\"><h6>All<\/h6><\/li>\n                                                            <li class=\"edgtf-parent-filter filter_1112732646\"\n                            data-filter=\".portfolio_category_673\"\n                            data-class=\"filter_1112732646\"\n                            data-group-id=\"673\"><h6>Blindadas<\/h6>\n                        <\/li>\n                                                                <li class=\"edgtf-parent-filter filter_1112732646\"\n                            data-filter=\".portfolio_category_670\"\n                            data-class=\"filter_1112732646\"\n                            data-group-id=\"670\"><h6>Mosquiteras<\/h6>\n                        <\/li>\n                                                                <li class=\"edgtf-parent-filter filter_1112732646\"\n                            data-filter=\".portfolio_category_672\"\n                            data-class=\"filter_1112732646\"\n                            data-group-id=\"672\"><h6>Puertas Garaje<\/h6>\n                        <\/li>\n                                                                <li class=\"edgtf-parent-filter filter_1112732646\"\n                            data-filter=\".portfolio_category_671\"\n                            data-class=\"filter_1112732646\"\n                            data-group-id=\"671\"><h6>Rejas<\/h6>\n                        <\/li>\n                                <\/ul>\n        \n            <\/div>\n<\/div><div class = \"edgtf-portfolio-list-holder clearfix\" >\n<article class=\"edgtf-portfolio-item mix portfolio_category_673 portfolio_category_669\">\n\t<div class = \"edgtf-item-image-holder\">\n\t\t<a href=\"https:\/\/www.giemme.net\/es\/portfolio-item\/puertas-blindadas\/\">\n\t\t\t<img loading=\"lazy\" decoding=\"async\" width=\"550\" height=\"550\" src=\"https:\/\/www.giemme.net\/wp-content\/uploads\/2017\/09\/blindati08_800_800-550x550.jpg\" class=\"attachment-ratio_edge_square size-ratio_edge_square wp-post-image\" alt=\"\" srcset=\"https:\/\/www.giemme.net\/wp-content\/uploads\/2017\/09\/blindati08_800_800-550x550.jpg 550w, https:\/\/www.giemme.net\/wp-content\/uploads\/2017\/09\/blindati08_800_800-150x150.jpg 150w, https:\/\/www.giemme.net\/wp-content\/uploads\/2017\/09\/blindati08_800_800-300x300.jpg 300w, https:\/\/www.giemme.net\/wp-content\/uploads\/2017\/09\/blindati08_800_800-768x768.jpg 768w, https:\/\/www.giemme.net\/wp-content\/uploads\/2017\/09\/blindati08_800_800.jpg 800w\" sizes=\"auto, (max-width: 550px) 100vw, 550px\" \/>\t\t\t<span class=\"edgtf-view-project\">View Project<\/span>\n\t\t\t<span class=\"edgtf-hover-border\"><\/span>\n\t\t<\/a>\n\t<\/div>\n\t<div class=\"edgtf-item-text-holder\">\n\t\t<h4 class=\"edgtf-item-title\">\n\t\t\t<a href=\"https:\/\/www.giemme.net\/es\/portfolio-item\/puertas-blindadas\/\">\n\t\t\t\tPuertas Blindadas\t\t\t<\/a>\t\n\t\t<\/h4>\t\n\t\t<h6 class=\"edgtf-ptf-category-holder\"><span>Blindadas<\/span>, <span>Complementos<\/span><\/h6>\t<\/div>\n<\/article>\n\n\n<article class=\"edgtf-portfolio-item mix portfolio_category_669 portfolio_category_672\">\n\t<div class = \"edgtf-item-image-holder\">\n\t\t<a href=\"https:\/\/www.giemme.net\/es\/portfolio-item\/puertas-de-garaje\/\">\n\t\t\t<img loading=\"lazy\" decoding=\"async\" width=\"500\" height=\"500\" src=\"https:\/\/www.giemme.net\/wp-content\/uploads\/2017\/09\/basculanti_04_500_500.jpg\" class=\"attachment-ratio_edge_square size-ratio_edge_square wp-post-image\" alt=\"\" srcset=\"https:\/\/www.giemme.net\/wp-content\/uploads\/2017\/09\/basculanti_04_500_500.jpg 500w, https:\/\/www.giemme.net\/wp-content\/uploads\/2017\/09\/basculanti_04_500_500-150x150.jpg 150w, https:\/\/www.giemme.net\/wp-content\/uploads\/2017\/09\/basculanti_04_500_500-300x300.jpg 300w\" sizes=\"auto, (max-width: 500px) 100vw, 500px\" \/>\t\t\t<span class=\"edgtf-view-project\">View Project<\/span>\n\t\t\t<span class=\"edgtf-hover-border\"><\/span>\n\t\t<\/a>\n\t<\/div>\n\t<div class=\"edgtf-item-text-holder\">\n\t\t<h4 class=\"edgtf-item-title\">\n\t\t\t<a href=\"https:\/\/www.giemme.net\/es\/portfolio-item\/puertas-de-garaje\/\">\n\t\t\t\tPuertas de Garaje\t\t\t<\/a>\t\n\t\t<\/h4>\t\n\t\t<h6 class=\"edgtf-ptf-category-holder\"><span>Complementos<\/span>, <span>Puertas Garaje<\/span><\/h6>\t<\/div>\n<\/article>\n\n\n<article class=\"edgtf-portfolio-item mix portfolio_category_669 portfolio_category_671\">\n\t<div class = \"edgtf-item-image-holder\">\n\t\t<a href=\"https:\/\/www.giemme.net\/es\/portfolio-item\/rejas\/\">\n\t\t\t<img loading=\"lazy\" decoding=\"async\" width=\"344\" height=\"344\" src=\"https:\/\/www.giemme.net\/wp-content\/uploads\/2017\/09\/inferriate-square.jpg\" class=\"attachment-ratio_edge_square size-ratio_edge_square wp-post-image\" alt=\"\" srcset=\"https:\/\/www.giemme.net\/wp-content\/uploads\/2017\/09\/inferriate-square.jpg 344w, https:\/\/www.giemme.net\/wp-content\/uploads\/2017\/09\/inferriate-square-150x150.jpg 150w, https:\/\/www.giemme.net\/wp-content\/uploads\/2017\/09\/inferriate-square-300x300.jpg 300w\" sizes=\"auto, (max-width: 344px) 100vw, 344px\" \/>\t\t\t<span class=\"edgtf-view-project\">View Project<\/span>\n\t\t\t<span class=\"edgtf-hover-border\"><\/span>\n\t\t<\/a>\n\t<\/div>\n\t<div class=\"edgtf-item-text-holder\">\n\t\t<h4 class=\"edgtf-item-title\">\n\t\t\t<a href=\"https:\/\/www.giemme.net\/es\/portfolio-item\/rejas\/\">\n\t\t\t\tRejas\t\t\t<\/a>\t\n\t\t<\/h4>\t\n\t\t<h6 class=\"edgtf-ptf-category-holder\"><span>Complementos<\/span>, <span>Rejas<\/span><\/h6>\t<\/div>\n<\/article>\n\n\n<article class=\"edgtf-portfolio-item mix portfolio_category_669 portfolio_category_670\">\n\t<div class = \"edgtf-item-image-holder\">\n\t\t<a href=\"https:\/\/www.giemme.net\/es\/portfolio-item\/mosquiteras\/\">\n\t\t\t<img loading=\"lazy\" decoding=\"async\" width=\"500\" height=\"500\" src=\"https:\/\/www.giemme.net\/wp-content\/uploads\/2017\/09\/zanzariere_02_500_500.jpg\" class=\"attachment-ratio_edge_square size-ratio_edge_square wp-post-image\" alt=\"\" srcset=\"https:\/\/www.giemme.net\/wp-content\/uploads\/2017\/09\/zanzariere_02_500_500.jpg 500w, https:\/\/www.giemme.net\/wp-content\/uploads\/2017\/09\/zanzariere_02_500_500-150x150.jpg 150w, https:\/\/www.giemme.net\/wp-content\/uploads\/2017\/09\/zanzariere_02_500_500-300x300.jpg 300w\" sizes=\"auto, (max-width: 500px) 100vw, 500px\" \/>\t\t\t<span class=\"edgtf-view-project\">View Project<\/span>\n\t\t\t<span class=\"edgtf-hover-border\"><\/span>\n\t\t<\/a>\n\t<\/div>\n\t<div class=\"edgtf-item-text-holder\">\n\t\t<h4 class=\"edgtf-item-title\">\n\t\t\t<a href=\"https:\/\/www.giemme.net\/es\/portfolio-item\/mosquiteras\/\">\n\t\t\t\tMosquiteras\t\t\t<\/a>\t\n\t\t<\/h4>\t\n\t\t<h6 class=\"edgtf-ptf-category-holder\"><span>Complementos<\/span>, <span>Mosquiteras<\/span><\/h6>\t<\/div>\n<\/article>\n\n<div class='edgtf-portfolio-gap'><\/div>\n<div class='edgtf-portfolio-gap'><\/div>\n<div class='edgtf-portfolio-gap'><\/div>\n<div class='edgtf-portfolio-gap'><\/div>\n<\/div><\/div>[\/vc_column][\/vc_row]<\/p>\n","protected":false},"excerpt":{"rendered":"<p>[vc_row][vc_column][rev_slider_vc alias=\u00bbcomplementi\u00bb][\/vc_column][\/vc_row][vc_row content_width=\u00bbgrid\u00bb content_aligment=\u00bbcenter\u00bb css=\u00bb.vc_custom_1505391751168{padding-top: 104px !important;padding-bottom: 69px !important;}\u00bb][vc_column][vc_column_text] Complementos [\/vc_column_text][vc_empty_space height=\u00bb15px\u00bb][vc_empty_space][\/vc_column][\/vc_row]<\/p>\n","protected":false},"author":1,"featured_media":0,"parent":16605,"menu_order":0,"comment_status":"closed","ping_status":"closed","template":"full-width.php","meta":{"ngg_post_thumbnail":0,"footnotes":""},"class_list":["post-16453","page","type-page","status-publish","hentry"],"yoast_head":"<!-- This site is optimized with the Yoast SEO plugin v27.5 - https:\/\/yoast.com\/product\/yoast-seo-wordpress\/ -->\n<title>Giemme - Complementos<\/title>\n<meta name=\"description\" content=\"Giemme propone una gama de Sistemas de Seguridad, como Puertas Blindadas y Rejas. Adem\u00e1s, nuestros expertos te guiar\u00e1n en la elecci\u00f3n de otros complementos, tales como Mosquiteras, Puertas de garaje y Puertas Basculantes (manuales y autom\u00e1ticas)\" \/>\n<meta name=\"robots\" content=\"index, follow, max-snippet:-1, max-image-preview:large, max-video-preview:-1\" \/>\n<link rel=\"canonical\" href=\"https:\/\/www.giemme.net\/es\/portfolio\/complementos\/\" \/>\n<meta property=\"og:locale\" content=\"es_ES\" \/>\n<meta property=\"og:type\" content=\"article\" \/>\n<meta property=\"og:title\" content=\"Giemme - Complementos\" \/>\n<meta property=\"og:description\" content=\"Giemme propone una gama de Sistemas de Seguridad, como Puertas Blindadas y Rejas. Adem\u00e1s, nuestros expertos te guiar\u00e1n en la elecci\u00f3n de otros complementos, tales como Mosquiteras, Puertas de garaje y Puertas Basculantes (manuales y autom\u00e1ticas)\" \/>\n<meta property=\"og:url\" content=\"https:\/\/www.giemme.net\/es\/portfolio\/complementos\/\" \/>\n<meta property=\"og:site_name\" content=\"Giemme | Produzione e Vendita di Finestre, Serramenti, Infissi e Scorrevoli\" \/>\n<meta property=\"article:modified_time\" content=\"2024-11-13T08:02:17+00:00\" \/>\n<meta name=\"twitter:card\" content=\"summary_large_image\" \/>\n<meta name=\"twitter:label1\" content=\"Tiempo de lectura\" \/>\n\t<meta name=\"twitter:data1\" content=\"1 minuto\" \/>\n<script type=\"application\/ld+json\" class=\"yoast-schema-graph\">{\"@context\":\"https:\\\/\\\/schema.org\",\"@graph\":[{\"@type\":\"WebPage\",\"@id\":\"https:\\\/\\\/www.giemme.net\\\/es\\\/portfolio\\\/complementos\\\/\",\"url\":\"https:\\\/\\\/www.giemme.net\\\/es\\\/portfolio\\\/complementos\\\/\",\"name\":\"Giemme - Complementos\",\"isPartOf\":{\"@id\":\"https:\\\/\\\/www.giemme.net\\\/#website\"},\"datePublished\":\"2017-09-14T09:39:34+00:00\",\"dateModified\":\"2024-11-13T08:02:17+00:00\",\"description\":\"Giemme propone una gama de Sistemas de Seguridad, como Puertas Blindadas y Rejas. Adem\u00e1s, nuestros expertos te guiar\u00e1n en la elecci\u00f3n de otros complementos, tales como Mosquiteras, Puertas de garaje y Puertas Basculantes (manuales y autom\u00e1ticas)\",\"breadcrumb\":{\"@id\":\"https:\\\/\\\/www.giemme.net\\\/es\\\/portfolio\\\/complementos\\\/#breadcrumb\"},\"inLanguage\":\"es\",\"potentialAction\":[{\"@type\":\"ReadAction\",\"target\":[\"https:\\\/\\\/www.giemme.net\\\/es\\\/portfolio\\\/complementos\\\/\"]}]},{\"@type\":\"BreadcrumbList\",\"@id\":\"https:\\\/\\\/www.giemme.net\\\/es\\\/portfolio\\\/complementos\\\/#breadcrumb\",\"itemListElement\":[{\"@type\":\"ListItem\",\"position\":1,\"name\":\"Home\",\"item\":\"https:\\\/\\\/www.giemme.net\\\/es\\\/\"},{\"@type\":\"ListItem\",\"position\":2,\"name\":\"Portfolio\",\"item\":\"https:\\\/\\\/www.giemme.net\\\/es\\\/portfolio\\\/\"},{\"@type\":\"ListItem\",\"position\":3,\"name\":\"Complementos\"}]},{\"@type\":\"WebSite\",\"@id\":\"https:\\\/\\\/www.giemme.net\\\/#website\",\"url\":\"https:\\\/\\\/www.giemme.net\\\/\",\"name\":\"Giemme | Produzione e Vendita di Finestre, Serramenti, Infissi e Scorrevoli\",\"description\":\"Finestre Italiane di Design\",\"potentialAction\":[{\"@type\":\"SearchAction\",\"target\":{\"@type\":\"EntryPoint\",\"urlTemplate\":\"https:\\\/\\\/www.giemme.net\\\/?s={search_term_string}\"},\"query-input\":{\"@type\":\"PropertyValueSpecification\",\"valueRequired\":true,\"valueName\":\"search_term_string\"}}],\"inLanguage\":\"es\"}]}<\/script>\n<!-- \/ Yoast SEO plugin. -->","yoast_head_json":{"title":"Giemme - Complementos","description":"Giemme propone una gama de Sistemas de Seguridad, como Puertas Blindadas y Rejas. Adem\u00e1s, nuestros expertos te guiar\u00e1n en la elecci\u00f3n de otros complementos, tales como Mosquiteras, Puertas de garaje y Puertas Basculantes (manuales y autom\u00e1ticas)","robots":{"index":"index","follow":"follow","max-snippet":"max-snippet:-1","max-image-preview":"max-image-preview:large","max-video-preview":"max-video-preview:-1"},"canonical":"https:\/\/www.giemme.net\/es\/portfolio\/complementos\/","og_locale":"es_ES","og_type":"article","og_title":"Giemme - Complementos","og_description":"Giemme propone una gama de Sistemas de Seguridad, como Puertas Blindadas y Rejas. Adem\u00e1s, nuestros expertos te guiar\u00e1n en la elecci\u00f3n de otros complementos, tales como Mosquiteras, Puertas de garaje y Puertas Basculantes (manuales y autom\u00e1ticas)","og_url":"https:\/\/www.giemme.net\/es\/portfolio\/complementos\/","og_site_name":"Giemme | Produzione e Vendita di Finestre, Serramenti, Infissi e Scorrevoli","article_modified_time":"2024-11-13T08:02:17+00:00","twitter_card":"summary_large_image","twitter_misc":{"Tiempo de lectura":"1 minuto"},"schema":{"@context":"https:\/\/schema.org","@graph":[{"@type":"WebPage","@id":"https:\/\/www.giemme.net\/es\/portfolio\/complementos\/","url":"https:\/\/www.giemme.net\/es\/portfolio\/complementos\/","name":"Giemme - Complementos","isPartOf":{"@id":"https:\/\/www.giemme.net\/#website"},"datePublished":"2017-09-14T09:39:34+00:00","dateModified":"2024-11-13T08:02:17+00:00","description":"Giemme propone una gama de Sistemas de Seguridad, como Puertas Blindadas y Rejas. Adem\u00e1s, nuestros expertos te guiar\u00e1n en la elecci\u00f3n de otros complementos, tales como Mosquiteras, Puertas de garaje y Puertas Basculantes (manuales y autom\u00e1ticas)","breadcrumb":{"@id":"https:\/\/www.giemme.net\/es\/portfolio\/complementos\/#breadcrumb"},"inLanguage":"es","potentialAction":[{"@type":"ReadAction","target":["https:\/\/www.giemme.net\/es\/portfolio\/complementos\/"]}]},{"@type":"BreadcrumbList","@id":"https:\/\/www.giemme.net\/es\/portfolio\/complementos\/#breadcrumb","itemListElement":[{"@type":"ListItem","position":1,"name":"Home","item":"https:\/\/www.giemme.net\/es\/"},{"@type":"ListItem","position":2,"name":"Portfolio","item":"https:\/\/www.giemme.net\/es\/portfolio\/"},{"@type":"ListItem","position":3,"name":"Complementos"}]},{"@type":"WebSite","@id":"https:\/\/www.giemme.net\/#website","url":"https:\/\/www.giemme.net\/","name":"Giemme | Produzione e Vendita di Finestre, Serramenti, Infissi e Scorrevoli","description":"Finestre Italiane di Design","potentialAction":[{"@type":"SearchAction","target":{"@type":"EntryPoint","urlTemplate":"https:\/\/www.giemme.net\/?s={search_term_string}"},"query-input":{"@type":"PropertyValueSpecification","valueRequired":true,"valueName":"search_term_string"}}],"inLanguage":"es"}]}},"_links":{"self":[{"href":"https:\/\/www.giemme.net\/es\/wp-json\/wp\/v2\/pages\/16453","targetHints":{"allow":["GET"]}}],"collection":[{"href":"https:\/\/www.giemme.net\/es\/wp-json\/wp\/v2\/pages"}],"about":[{"href":"https:\/\/www.giemme.net\/es\/wp-json\/wp\/v2\/types\/page"}],"author":[{"embeddable":true,"href":"https:\/\/www.giemme.net\/es\/wp-json\/wp\/v2\/users\/1"}],"replies":[{"embeddable":true,"href":"https:\/\/www.giemme.net\/es\/wp-json\/wp\/v2\/comments?post=16453"}],"version-history":[{"count":2,"href":"https:\/\/www.giemme.net\/es\/wp-json\/wp\/v2\/pages\/16453\/revisions"}],"predecessor-version":[{"id":16756,"href":"https:\/\/www.giemme.net\/es\/wp-json\/wp\/v2\/pages\/16453\/revisions\/16756"}],"up":[{"embeddable":true,"href":"https:\/\/www.giemme.net\/es\/wp-json\/wp\/v2\/pages\/16605"}],"wp:attachment":[{"href":"https:\/\/www.giemme.net\/es\/wp-json\/wp\/v2\/media?parent=16453"}],"curies":[{"name":"wp","href":"https:\/\/api.w.org\/{rel}","templated":true}]}}