{"id":16428,"date":"2017-10-02T23:38:07","date_gmt":"2017-10-02T21:38:07","guid":{"rendered":"https:\/\/www.giemme.net\/azienda\/"},"modified":"2024-11-12T10:33:18","modified_gmt":"2024-11-12T09:33:18","slug":"empresa","status":"publish","type":"page","link":"https:\/\/www.giemme.net\/es\/empresa\/","title":{"rendered":"empresa"},"content":{"rendered":"<p>[vc_row][vc_column][rev_slider_vc alias=\u00bbazienda\u00bb][\/vc_column][\/vc_row][vc_row content_width=\u00bbgrid\u00bb content_aligment=\u00bbcenter\u00bb css=\u00bb.vc_custom_1506678078460{padding-top: 104px !important;padding-bottom: 69px !important;}\u00bb][vc_column width=\u00bb1\/4&#8243;][vc_column_text]<\/p>\n<h2 style=\"text-align: left;\">Nuestra empresa<\/h2>\n<p>[\/vc_column_text]<div class=\"edgtf-separator-holder clearfix  edgtf-separator-left\">\n\t<div class=\"edgtf-separator\" style=\"border-color: #129048;border-style: solid;width: 50px;border-bottom-width: 1px;margin-top: 16px;margin-bottom: 40px\"><\/div>\n<\/div>\n[\/vc_column][vc_column width=\u00bb3\/4&#8243;][vc_column_text]<strong>GIEMME se dedica a la producci\u00f3n y venta de carpinter\u00eda de alta calidad y, hoy en d\u00eda, es una marca de referencia para clientes privados y empresas de construcci\u00f3n avanzada.<\/strong> La innovaci\u00f3n tecnol\u00f3gica de los sistemas de producci\u00f3n y el dise\u00f1o de los productos han logrado no solo conciliar tradici\u00f3n y prestaciones, sino tambi\u00e9n ofrecer a los clientes italianos y europeos un amplio abanico de opciones capaces de satisfacer todo tipo de exigencia t\u00e9cnica y estil\u00edstica.<\/p>\n<p><strong>GIEMME fue fundada a comienzos de los a\u00f1os 80 como empresa joven y din\u00e1mica que se especializaba en la restauraci\u00f3n y venta de puertas y ventanas. Sin embargo, ya a comienzos de los a\u00f1os 60 fabricaba ventanas y puertas de madera de alta calidad y rendimiento.<\/strong><\/p>\n<p>Uno de los valores m\u00e1s significativos de nuestra empresa es la amplia experiencia que pudo adquirir gracias a una extendida red de distribuci\u00f3n.[\/vc_column_text][\/vc_column][\/vc_row][vc_row content_aligment=\u00bbcenter\u00bb][vc_column]<div class=\"edgtf-advanced-carousel\" data-autoplay=\"3000\" data-speed=\"600\" data-navigation=\"no\">\n\t<div class=\"edgtf-advanced-carousel-images\">\n\t\t\t\t\t<div class=\"edgtf-advanced-carousel-item\">\n\t\t\t\t<div class=\"edgtf-advanced-carousel-item-inner\">\n\t\t\t\t\t\t\t\t\t\t<img loading=\"lazy\" decoding=\"async\" src=\"https:\/\/www.giemme.net\/wp-content\/uploads\/2022\/07\/giemme-infissi-porte-finestre-20.jpg\" alt=\"giemme-infissi-porte-finestre-20\" width=\"1920\" height=\"853\">\n\t\t\t\t\t\t\t\t\t<\/div>\n\t\t\t\t\t\t\t\t\t<div class=\"edgtf-item-title\">\n\t\t\t\t\t\t<h4>\n\t\t\t\t\t\t\t\t\t\t\t\t\t\t\tgiemme-infissi-porte-finestre-20\t\t\t\t\t\t\t\t\t\t\t\t\t<\/h4>\n\t\t\t\t\t<\/div>\n\t\t\t\t\t\t\t\t\t\t\t<\/div>\n\t\t\t\t\t<div class=\"edgtf-advanced-carousel-item\">\n\t\t\t\t<div class=\"edgtf-advanced-carousel-item-inner\">\n\t\t\t\t\t\t\t\t\t\t<img loading=\"lazy\" decoding=\"async\" src=\"https:\/\/www.giemme.net\/wp-content\/uploads\/2022\/07\/giemme-infissi-porte-finestre-18.jpg\" alt=\"giemme-infissi-porte-finestre-18\" width=\"1920\" height=\"853\">\n\t\t\t\t\t\t\t\t\t<\/div>\n\t\t\t\t\t\t\t\t\t<div class=\"edgtf-item-title\">\n\t\t\t\t\t\t<h4>\n\t\t\t\t\t\t\t\t\t\t\t\t\t\t\tgiemme-infissi-porte-finestre-18\t\t\t\t\t\t\t\t\t\t\t\t\t<\/h4>\n\t\t\t\t\t<\/div>\n\t\t\t\t\t\t\t\t\t\t\t<\/div>\n\t\t\t\t\t<div class=\"edgtf-advanced-carousel-item\">\n\t\t\t\t<div class=\"edgtf-advanced-carousel-item-inner\">\n\t\t\t\t\t\t\t\t\t\t<img loading=\"lazy\" decoding=\"async\" src=\"https:\/\/www.giemme.net\/wp-content\/uploads\/2022\/07\/giemme-infissi-porte-finestre-17.jpg\" alt=\"giemme-infissi-porte-finestre-17\" width=\"1920\" height=\"853\">\n\t\t\t\t\t\t\t\t\t<\/div>\n\t\t\t\t\t\t\t\t\t<div class=\"edgtf-item-title\">\n\t\t\t\t\t\t<h4>\n\t\t\t\t\t\t\t\t\t\t\t\t\t\t\tgiemme-infissi-porte-finestre-17\t\t\t\t\t\t\t\t\t\t\t\t\t<\/h4>\n\t\t\t\t\t<\/div>\n\t\t\t\t\t\t\t\t\t\t\t<\/div>\n\t\t\t\t\t<div class=\"edgtf-advanced-carousel-item\">\n\t\t\t\t<div class=\"edgtf-advanced-carousel-item-inner\">\n\t\t\t\t\t\t\t\t\t\t<img loading=\"lazy\" decoding=\"async\" src=\"https:\/\/www.giemme.net\/wp-content\/uploads\/2022\/07\/giemme-infissi-porte-finestre-16.jpg\" alt=\"giemme-infissi-porte-finestre-16\" width=\"1920\" height=\"853\">\n\t\t\t\t\t\t\t\t\t<\/div>\n\t\t\t\t\t\t\t\t\t<div class=\"edgtf-item-title\">\n\t\t\t\t\t\t<h4>\n\t\t\t\t\t\t\t\t\t\t\t\t\t\t\tgiemme-infissi-porte-finestre-16\t\t\t\t\t\t\t\t\t\t\t\t\t<\/h4>\n\t\t\t\t\t<\/div>\n\t\t\t\t\t\t\t\t\t\t\t<\/div>\n\t\t\t\t\t<div class=\"edgtf-advanced-carousel-item\">\n\t\t\t\t<div class=\"edgtf-advanced-carousel-item-inner\">\n\t\t\t\t\t\t\t\t\t\t<img loading=\"lazy\" decoding=\"async\" src=\"https:\/\/www.giemme.net\/wp-content\/uploads\/2022\/07\/giemme-infissi-porte-finestre-6.jpg\" alt=\"giemme-infissi-porte-finestre-6\" width=\"1920\" height=\"853\">\n\t\t\t\t\t\t\t\t\t<\/div>\n\t\t\t\t\t\t\t\t\t<div class=\"edgtf-item-title\">\n\t\t\t\t\t\t<h4>\n\t\t\t\t\t\t\t\t\t\t\t\t\t\t\tgiemme-infissi-porte-finestre-6\t\t\t\t\t\t\t\t\t\t\t\t\t<\/h4>\n\t\t\t\t\t<\/div>\n\t\t\t\t\t\t\t\t\t\t\t<\/div>\n\t\t\t\t\t<div class=\"edgtf-advanced-carousel-item\">\n\t\t\t\t<div class=\"edgtf-advanced-carousel-item-inner\">\n\t\t\t\t\t\t\t\t\t\t<img loading=\"lazy\" decoding=\"async\" src=\"https:\/\/www.giemme.net\/wp-content\/uploads\/2022\/07\/giemme-infissi-porte-finestre-5.jpg\" alt=\"giemme-infissi-porte-finestre-5\" width=\"1920\" height=\"853\">\n\t\t\t\t\t\t\t\t\t<\/div>\n\t\t\t\t\t\t\t\t\t<div class=\"edgtf-item-title\">\n\t\t\t\t\t\t<h4>\n\t\t\t\t\t\t\t\t\t\t\t\t\t\t\tgiemme-infissi-porte-finestre-5\t\t\t\t\t\t\t\t\t\t\t\t\t<\/h4>\n\t\t\t\t\t<\/div>\n\t\t\t\t\t\t\t\t\t\t\t<\/div>\n\t\t\t\t\t<div class=\"edgtf-advanced-carousel-item\">\n\t\t\t\t<div class=\"edgtf-advanced-carousel-item-inner\">\n\t\t\t\t\t\t\t\t\t\t<img loading=\"lazy\" decoding=\"async\" src=\"https:\/\/www.giemme.net\/wp-content\/uploads\/2022\/07\/giemme-infissi-porte-finestre-3.jpg\" alt=\"giemme-infissi-porte-finestre-3\" width=\"1920\" height=\"853\">\n\t\t\t\t\t\t\t\t\t<\/div>\n\t\t\t\t\t\t\t\t\t<div class=\"edgtf-item-title\">\n\t\t\t\t\t\t<h4>\n\t\t\t\t\t\t\t\t\t\t\t\t\t\t\tgiemme-infissi-porte-finestre-3\t\t\t\t\t\t\t\t\t\t\t\t\t<\/h4>\n\t\t\t\t\t<\/div>\n\t\t\t\t\t\t\t\t\t\t\t<\/div>\n\t\t\t\t\t<div class=\"edgtf-advanced-carousel-item\">\n\t\t\t\t<div class=\"edgtf-advanced-carousel-item-inner\">\n\t\t\t\t\t\t\t\t\t\t<img loading=\"lazy\" decoding=\"async\" src=\"https:\/\/www.giemme.net\/wp-content\/uploads\/2022\/07\/giemme-infissi-porte-finestre-19.jpg\" alt=\"giemme-infissi-porte-finestre-19\" width=\"1920\" height=\"853\">\n\t\t\t\t\t\t\t\t\t<\/div>\n\t\t\t\t\t\t\t\t\t<div class=\"edgtf-item-title\">\n\t\t\t\t\t\t<h4>\n\t\t\t\t\t\t\t\t\t\t\t\t\t\t\tgiemme-infissi-porte-finestre-19\t\t\t\t\t\t\t\t\t\t\t\t\t<\/h4>\n\t\t\t\t\t<\/div>\n\t\t\t\t\t\t\t\t\t\t\t<\/div>\n\t\t\t\t\t<div class=\"edgtf-advanced-carousel-item\">\n\t\t\t\t<div class=\"edgtf-advanced-carousel-item-inner\">\n\t\t\t\t\t\t\t\t\t\t<img loading=\"lazy\" decoding=\"async\" src=\"https:\/\/www.giemme.net\/wp-content\/uploads\/2022\/07\/giemme-infissi-porte-finestre-7.jpg\" alt=\"giemme-infissi-porte-finestre-7\" width=\"1920\" height=\"853\">\n\t\t\t\t\t\t\t\t\t<\/div>\n\t\t\t\t\t\t\t\t\t<div class=\"edgtf-item-title\">\n\t\t\t\t\t\t<h4>\n\t\t\t\t\t\t\t\t\t\t\t\t\t\t\tgiemme-infissi-porte-finestre-7\t\t\t\t\t\t\t\t\t\t\t\t\t<\/h4>\n\t\t\t\t\t<\/div>\n\t\t\t\t\t\t\t\t\t\t\t<\/div>\n\t\t\t\t\t<div class=\"edgtf-advanced-carousel-item\">\n\t\t\t\t<div class=\"edgtf-advanced-carousel-item-inner\">\n\t\t\t\t\t\t\t\t\t\t<img loading=\"lazy\" decoding=\"async\" src=\"https:\/\/www.giemme.net\/wp-content\/uploads\/2022\/07\/giemme-infissi-porte-finestre-2.jpg\" alt=\"giemme-infissi-porte-finestre-2\" width=\"1920\" height=\"853\">\n\t\t\t\t\t\t\t\t\t<\/div>\n\t\t\t\t\t\t\t\t\t<div class=\"edgtf-item-title\">\n\t\t\t\t\t\t<h4>\n\t\t\t\t\t\t\t\t\t\t\t\t\t\t\tgiemme-infissi-porte-finestre-2\t\t\t\t\t\t\t\t\t\t\t\t\t<\/h4>\n\t\t\t\t\t<\/div>\n\t\t\t\t\t\t\t\t\t\t\t<\/div>\n\t\t\t\t\t<div class=\"edgtf-advanced-carousel-item\">\n\t\t\t\t<div class=\"edgtf-advanced-carousel-item-inner\">\n\t\t\t\t\t\t\t\t\t\t<img loading=\"lazy\" decoding=\"async\" src=\"https:\/\/www.giemme.net\/wp-content\/uploads\/2022\/07\/giemme-infissi-porte-finestre-14.jpg\" alt=\"giemme-infissi-porte-finestre-14\" width=\"1920\" height=\"853\">\n\t\t\t\t\t\t\t\t\t<\/div>\n\t\t\t\t\t\t\t\t\t<div class=\"edgtf-item-title\">\n\t\t\t\t\t\t<h4>\n\t\t\t\t\t\t\t\t\t\t\t\t\t\t\tgiemme-infissi-porte-finestre-14\t\t\t\t\t\t\t\t\t\t\t\t\t<\/h4>\n\t\t\t\t\t<\/div>\n\t\t\t\t\t\t\t\t\t\t\t<\/div>\n\t\t\t\t\t<div class=\"edgtf-advanced-carousel-item\">\n\t\t\t\t<div class=\"edgtf-advanced-carousel-item-inner\">\n\t\t\t\t\t\t\t\t\t\t<img loading=\"lazy\" decoding=\"async\" src=\"https:\/\/www.giemme.net\/wp-content\/uploads\/2022\/07\/giemme-infissi-porte-finestre-13.jpg\" alt=\"giemme-infissi-porte-finestre-13\" width=\"1920\" height=\"853\">\n\t\t\t\t\t\t\t\t\t<\/div>\n\t\t\t\t\t\t\t\t\t<div class=\"edgtf-item-title\">\n\t\t\t\t\t\t<h4>\n\t\t\t\t\t\t\t\t\t\t\t\t\t\t\tgiemme-infissi-porte-finestre-13\t\t\t\t\t\t\t\t\t\t\t\t\t<\/h4>\n\t\t\t\t\t<\/div>\n\t\t\t\t\t\t\t\t\t\t\t<\/div>\n\t\t\t\t\t<div class=\"edgtf-advanced-carousel-item\">\n\t\t\t\t<div class=\"edgtf-advanced-carousel-item-inner\">\n\t\t\t\t\t\t\t\t\t\t<img loading=\"lazy\" decoding=\"async\" src=\"https:\/\/www.giemme.net\/wp-content\/uploads\/2022\/07\/giemme-infissi-porte-finestre-12.jpg\" alt=\"giemme-infissi-porte-finestre-12\" width=\"1920\" height=\"853\">\n\t\t\t\t\t\t\t\t\t<\/div>\n\t\t\t\t\t\t\t\t\t<div class=\"edgtf-item-title\">\n\t\t\t\t\t\t<h4>\n\t\t\t\t\t\t\t\t\t\t\t\t\t\t\tgiemme-infissi-porte-finestre-12\t\t\t\t\t\t\t\t\t\t\t\t\t<\/h4>\n\t\t\t\t\t<\/div>\n\t\t\t\t\t\t\t\t\t\t\t<\/div>\n\t\t\t\t\t<div class=\"edgtf-advanced-carousel-item\">\n\t\t\t\t<div class=\"edgtf-advanced-carousel-item-inner\">\n\t\t\t\t\t\t\t\t\t\t<img loading=\"lazy\" decoding=\"async\" src=\"https:\/\/www.giemme.net\/wp-content\/uploads\/2022\/07\/giemme-infissi-porte-finestre-15.jpg\" alt=\"giemme-infissi-porte-finestre-15\" width=\"1920\" height=\"853\">\n\t\t\t\t\t\t\t\t\t<\/div>\n\t\t\t\t\t\t\t\t\t<div class=\"edgtf-item-title\">\n\t\t\t\t\t\t<h4>\n\t\t\t\t\t\t\t\t\t\t\t\t\t\t\tgiemme-infissi-porte-finestre-15\t\t\t\t\t\t\t\t\t\t\t\t\t<\/h4>\n\t\t\t\t\t<\/div>\n\t\t\t\t\t\t\t\t\t\t\t<\/div>\n\t\t\t\t\t<div class=\"edgtf-advanced-carousel-item\">\n\t\t\t\t<div class=\"edgtf-advanced-carousel-item-inner\">\n\t\t\t\t\t\t\t\t\t\t<img loading=\"lazy\" decoding=\"async\" src=\"https:\/\/www.giemme.net\/wp-content\/uploads\/2022\/07\/giemme-infissi-porte-finestre-11.jpg\" alt=\"giemme-infissi-porte-finestre-11\" width=\"1920\" height=\"853\">\n\t\t\t\t\t\t\t\t\t<\/div>\n\t\t\t\t\t\t\t\t\t<div class=\"edgtf-item-title\">\n\t\t\t\t\t\t<h4>\n\t\t\t\t\t\t\t\t\t\t\t\t\t\t\tgiemme-infissi-porte-finestre-11\t\t\t\t\t\t\t\t\t\t\t\t\t<\/h4>\n\t\t\t\t\t<\/div>\n\t\t\t\t\t\t\t\t\t\t\t<\/div>\n\t\t\t\t\t<div class=\"edgtf-advanced-carousel-item\">\n\t\t\t\t<div class=\"edgtf-advanced-carousel-item-inner\">\n\t\t\t\t\t\t\t\t\t\t<img loading=\"lazy\" decoding=\"async\" src=\"https:\/\/www.giemme.net\/wp-content\/uploads\/2022\/07\/giemme-infissi-porte-finestre-10.jpg\" alt=\"giemme-infissi-porte-finestre-10\" width=\"1920\" height=\"853\">\n\t\t\t\t\t\t\t\t\t<\/div>\n\t\t\t\t\t\t\t\t\t<div class=\"edgtf-item-title\">\n\t\t\t\t\t\t<h4>\n\t\t\t\t\t\t\t\t\t\t\t\t\t\t\tgiemme-infissi-porte-finestre-10\t\t\t\t\t\t\t\t\t\t\t\t\t<\/h4>\n\t\t\t\t\t<\/div>\n\t\t\t\t\t\t\t\t\t\t\t<\/div>\n\t\t\t\t\t<div class=\"edgtf-advanced-carousel-item\">\n\t\t\t\t<div class=\"edgtf-advanced-carousel-item-inner\">\n\t\t\t\t\t\t\t\t\t\t<img loading=\"lazy\" decoding=\"async\" src=\"https:\/\/www.giemme.net\/wp-content\/uploads\/2022\/07\/giemme-infissi-porte-finestre-9.jpg\" alt=\"giemme-infissi-porte-finestre-9\" width=\"1920\" height=\"853\">\n\t\t\t\t\t\t\t\t\t<\/div>\n\t\t\t\t\t\t\t\t\t<div class=\"edgtf-item-title\">\n\t\t\t\t\t\t<h4>\n\t\t\t\t\t\t\t\t\t\t\t\t\t\t\tgiemme-infissi-porte-finestre-9\t\t\t\t\t\t\t\t\t\t\t\t\t<\/h4>\n\t\t\t\t\t<\/div>\n\t\t\t\t\t\t\t\t\t\t\t<\/div>\n\t\t\t\t\t<div class=\"edgtf-advanced-carousel-item\">\n\t\t\t\t<div class=\"edgtf-advanced-carousel-item-inner\">\n\t\t\t\t\t\t\t\t\t\t<img loading=\"lazy\" decoding=\"async\" src=\"https:\/\/www.giemme.net\/wp-content\/uploads\/2022\/07\/giemme-infissi-porte-finestre-8.jpg\" alt=\"giemme-infissi-porte-finestre-8\" width=\"1920\" height=\"853\">\n\t\t\t\t\t\t\t\t\t<\/div>\n\t\t\t\t\t\t\t\t\t<div class=\"edgtf-item-title\">\n\t\t\t\t\t\t<h4>\n\t\t\t\t\t\t\t\t\t\t\t\t\t\t\tgiemme-infissi-porte-finestre-8\t\t\t\t\t\t\t\t\t\t\t\t\t<\/h4>\n\t\t\t\t\t<\/div>\n\t\t\t\t\t\t\t\t\t\t\t<\/div>\n\t\t\t\t\t<div class=\"edgtf-advanced-carousel-item\">\n\t\t\t\t<div class=\"edgtf-advanced-carousel-item-inner\">\n\t\t\t\t\t\t\t\t\t\t<img loading=\"lazy\" decoding=\"async\" src=\"https:\/\/www.giemme.net\/wp-content\/uploads\/2022\/07\/giemme-infissi-porte-finestre-4.jpg\" alt=\"giemme-infissi-porte-finestre-4\" width=\"1920\" height=\"853\">\n\t\t\t\t\t\t\t\t\t<\/div>\n\t\t\t\t\t\t\t\t\t<div class=\"edgtf-item-title\">\n\t\t\t\t\t\t<h4>\n\t\t\t\t\t\t\t\t\t\t\t\t\t\t\tgiemme-infissi-porte-finestre-4\t\t\t\t\t\t\t\t\t\t\t\t\t<\/h4>\n\t\t\t\t\t<\/div>\n\t\t\t\t\t\t\t\t\t\t\t<\/div>\n\t\t\t\t\t<div class=\"edgtf-advanced-carousel-item\">\n\t\t\t\t<div class=\"edgtf-advanced-carousel-item-inner\">\n\t\t\t\t\t\t\t\t\t\t<img loading=\"lazy\" decoding=\"async\" src=\"https:\/\/www.giemme.net\/wp-content\/uploads\/2022\/07\/giemme-infissi-porte-finestre-1.jpg\" alt=\"giemme-infissi-porte-finestre-1\" width=\"1920\" height=\"853\">\n\t\t\t\t\t\t\t\t\t<\/div>\n\t\t\t\t\t\t\t\t\t<div class=\"edgtf-item-title\">\n\t\t\t\t\t\t<h4>\n\t\t\t\t\t\t\t\t\t\t\t\t\t\t\tgiemme-infissi-porte-finestre-1\t\t\t\t\t\t\t\t\t\t\t\t\t<\/h4>\n\t\t\t\t\t<\/div>\n\t\t\t\t\t\t\t\t\t\t\t<\/div>\n\t\t\t<\/div>\n<\/div>[\/vc_column][\/vc_row][vc_row content_width=\u00bbgrid\u00bb content_aligment=\u00bbcenter\u00bb css=\u00bb.vc_custom_1507017234702{padding-top: 104px !important;padding-bottom: 69px !important;}\u00bb][vc_column width=\u00bb1\/4&#8243;][vc_column_text]<\/p>\n<h2 style=\"text-align: left;\">Tecnolog\u00eda e Innovaci\u00f3n<\/h2>\n<p>[\/vc_column_text]<div class=\"edgtf-separator-holder clearfix  edgtf-separator-left\">\n\t<div class=\"edgtf-separator\" style=\"border-color: #129048;border-style: solid;width: 50px;border-bottom-width: 1px;margin-top: 16px;margin-bottom: 40px\"><\/div>\n<\/div>\n[\/vc_column][vc_column width=\u00bb3\/4&#8243;][vc_column_text]<\/p>\n<p class=\"p1\" style=\"text-align: left;\">Giemme actualiza y mejora su producci\u00f3n de forma constante mediante inversiones continuas en los \u00e1mbitos de la tecnolog\u00eda y el dise\u00f1o. Esta innovaci\u00f3n resulta no solo de la maquinaria y la tecnolog\u00eda, sino tambi\u00e9n de nuevos profesionales de alta cualificaci\u00f3n que se han ido incorporando a Giemme, tales como ingenieros\/as y arquitectos\/as. Estos expertos contribuyen a hacer de Giemme tanto una empresa creativa y fiable como un l\u00edder indiscutible del sector.<\/p>\n<p>[\/vc_column_text][\/vc_column][\/vc_row][vc_row row_type=\u00bbparallax\u00bb content_aligment=\u00bbcenter\u00bb full_screen_section_height=\u00bbno\u00bb section_height=\u00bb500&#8243; parallax_background_image=\u00bb9162&#8243;][vc_column][\/vc_column][\/vc_row][vc_row content_width=\u00bbgrid\u00bb content_aligment=\u00bbcenter\u00bb css=\u00bb.vc_custom_1507017234702{padding-top: 104px !important;padding-bottom: 69px !important;}\u00bb][vc_column width=\u00bb1\/4&#8243;][vc_column_text]<\/p>\n<h2 style=\"text-align: left;\">Medio ambiente<\/h2>\n<p>[\/vc_column_text]<div class=\"edgtf-separator-holder clearfix  edgtf-separator-left\">\n\t<div class=\"edgtf-separator\" style=\"border-color: #129048;border-style: solid;width: 50px;border-bottom-width: 1px;margin-top: 16px;margin-bottom: 40px\"><\/div>\n<\/div>\n[\/vc_column][vc_column width=\u00bb3\/4&#8243;][vc_column_text]La puertas y ventanas de Giemme ofrecen prestaciones ac\u00fasticas y t\u00e9rmicas de alta calidad, lo cual las hace indispensables para el control de energ\u00eda de aquellos edificios de alta eficiencia energ\u00e9tica. <strong>Adem\u00e1s, Giemme cuida del medio ambiente durante todo el ciclo de producci\u00f3n y distribuci\u00f3n gracias al uso mayoritario de materias primas sostenibles y de bajo impacto medioambiental.<\/strong>[\/vc_column_text][\/vc_column][\/vc_row][vc_row row_type=\u00bbparallax\u00bb content_aligment=\u00bbcenter\u00bb full_screen_section_height=\u00bbno\u00bb section_height=\u00bb500&#8243; parallax_background_image=\u00bb6807&#8243;][vc_column][\/vc_column][\/vc_row]<\/p>\n","protected":false},"excerpt":{"rendered":"<p>[vc_row][vc_column][rev_slider_vc alias=\u00bbazienda\u00bb][\/vc_column][\/vc_row][vc_row content_width=\u00bbgrid\u00bb content_aligment=\u00bbcenter\u00bb css=\u00bb.vc_custom_1506678078460{padding-top: 104px !important;padding-bottom: 69px !important;}\u00bb][vc_column width=\u00bb1\/4&#8243;][vc_column_text] Nuestra empresa [\/vc_column_text][\/vc_column][vc_column width=\u00bb3\/4&#8243;][vc_column_text]GIEMME se dedica a la producci\u00f3n y venta de carpinter\u00eda de alta calidad y, hoy en d\u00eda, es una marca de referencia para clientes privados y empresas de construcci\u00f3n avanzada. La innovaci\u00f3n&#8230;<\/p>\n","protected":false},"author":1,"featured_media":0,"parent":0,"menu_order":0,"comment_status":"closed","ping_status":"closed","template":"full-width.php","meta":{"ngg_post_thumbnail":0,"footnotes":""},"class_list":["post-16428","page","type-page","status-publish","hentry"],"yoast_head":"<!-- This site is optimized with the Yoast SEO plugin v27.5 - https:\/\/yoast.com\/product\/yoast-seo-wordpress\/ -->\n<title>GIEMME se dedica a la producci\u00f3n y venta de carpinter\u00eda de alta calidad y, hoy en d\u00eda, es una marca de referencia para clientes privados y empresas de construcci\u00f3n avanzada<\/title>\n<meta name=\"description\" content=\"GIEMME se dedica a la producci\u00f3n y venta de carpinter\u00eda de alta calidad y, hoy en d\u00eda, es una marca de referencia para clientes privados y empresas de construcci\u00f3n avanzada.\" \/>\n<meta name=\"robots\" content=\"index, follow, max-snippet:-1, max-image-preview:large, max-video-preview:-1\" \/>\n<link rel=\"canonical\" href=\"https:\/\/www.giemme.net\/es\/empresa\/\" \/>\n<meta property=\"og:locale\" content=\"es_ES\" \/>\n<meta property=\"og:type\" content=\"article\" \/>\n<meta property=\"og:title\" content=\"GIEMME se dedica a la producci\u00f3n y venta de carpinter\u00eda de alta calidad y, hoy en d\u00eda, es una marca de referencia para clientes privados y empresas de construcci\u00f3n avanzada\" \/>\n<meta property=\"og:description\" content=\"GIEMME se dedica a la producci\u00f3n y venta de carpinter\u00eda de alta calidad y, hoy en d\u00eda, es una marca de referencia para clientes privados y empresas de construcci\u00f3n avanzada.\" \/>\n<meta property=\"og:url\" content=\"https:\/\/www.giemme.net\/es\/empresa\/\" \/>\n<meta property=\"og:site_name\" content=\"Giemme | Produzione e Vendita di Finestre, Serramenti, Infissi e Scorrevoli\" \/>\n<meta property=\"article:modified_time\" content=\"2024-11-12T09:33:18+00:00\" \/>\n<meta name=\"twitter:card\" content=\"summary_large_image\" \/>\n<meta name=\"twitter:label1\" content=\"Tiempo de lectura\" \/>\n\t<meta name=\"twitter:data1\" content=\"2 minutos\" \/>\n<script type=\"application\/ld+json\" class=\"yoast-schema-graph\">{\"@context\":\"https:\\\/\\\/schema.org\",\"@graph\":[{\"@type\":\"WebPage\",\"@id\":\"https:\\\/\\\/www.giemme.net\\\/es\\\/empresa\\\/\",\"url\":\"https:\\\/\\\/www.giemme.net\\\/es\\\/empresa\\\/\",\"name\":\"GIEMME se dedica a la producci\u00f3n y venta de carpinter\u00eda de alta calidad y, hoy en d\u00eda, es una marca de referencia para clientes privados y empresas de construcci\u00f3n avanzada\",\"isPartOf\":{\"@id\":\"https:\\\/\\\/www.giemme.net\\\/#website\"},\"datePublished\":\"2017-10-02T21:38:07+00:00\",\"dateModified\":\"2024-11-12T09:33:18+00:00\",\"description\":\"GIEMME se dedica a la producci\u00f3n y venta de carpinter\u00eda de alta calidad y, hoy en d\u00eda, es una marca de referencia para clientes privados y empresas de construcci\u00f3n avanzada.\",\"breadcrumb\":{\"@id\":\"https:\\\/\\\/www.giemme.net\\\/es\\\/empresa\\\/#breadcrumb\"},\"inLanguage\":\"es\",\"potentialAction\":[{\"@type\":\"ReadAction\",\"target\":[\"https:\\\/\\\/www.giemme.net\\\/es\\\/empresa\\\/\"]}]},{\"@type\":\"BreadcrumbList\",\"@id\":\"https:\\\/\\\/www.giemme.net\\\/es\\\/empresa\\\/#breadcrumb\",\"itemListElement\":[{\"@type\":\"ListItem\",\"position\":1,\"name\":\"Home\",\"item\":\"https:\\\/\\\/www.giemme.net\\\/es\\\/\"},{\"@type\":\"ListItem\",\"position\":2,\"name\":\"empresa\"}]},{\"@type\":\"WebSite\",\"@id\":\"https:\\\/\\\/www.giemme.net\\\/#website\",\"url\":\"https:\\\/\\\/www.giemme.net\\\/\",\"name\":\"Giemme | Produzione e Vendita di Finestre, Serramenti, Infissi e Scorrevoli\",\"description\":\"Finestre Italiane di Design\",\"potentialAction\":[{\"@type\":\"SearchAction\",\"target\":{\"@type\":\"EntryPoint\",\"urlTemplate\":\"https:\\\/\\\/www.giemme.net\\\/?s={search_term_string}\"},\"query-input\":{\"@type\":\"PropertyValueSpecification\",\"valueRequired\":true,\"valueName\":\"search_term_string\"}}],\"inLanguage\":\"es\"}]}<\/script>\n<!-- \/ Yoast SEO plugin. -->","yoast_head_json":{"title":"GIEMME se dedica a la producci\u00f3n y venta de carpinter\u00eda de alta calidad y, hoy en d\u00eda, es una marca de referencia para clientes privados y empresas de construcci\u00f3n avanzada","description":"GIEMME se dedica a la producci\u00f3n y venta de carpinter\u00eda de alta calidad y, hoy en d\u00eda, es una marca de referencia para clientes privados y empresas de construcci\u00f3n avanzada.","robots":{"index":"index","follow":"follow","max-snippet":"max-snippet:-1","max-image-preview":"max-image-preview:large","max-video-preview":"max-video-preview:-1"},"canonical":"https:\/\/www.giemme.net\/es\/empresa\/","og_locale":"es_ES","og_type":"article","og_title":"GIEMME se dedica a la producci\u00f3n y venta de carpinter\u00eda de alta calidad y, hoy en d\u00eda, es una marca de referencia para clientes privados y empresas de construcci\u00f3n avanzada","og_description":"GIEMME se dedica a la producci\u00f3n y venta de carpinter\u00eda de alta calidad y, hoy en d\u00eda, es una marca de referencia para clientes privados y empresas de construcci\u00f3n avanzada.","og_url":"https:\/\/www.giemme.net\/es\/empresa\/","og_site_name":"Giemme | Produzione e Vendita di Finestre, Serramenti, Infissi e Scorrevoli","article_modified_time":"2024-11-12T09:33:18+00:00","twitter_card":"summary_large_image","twitter_misc":{"Tiempo de lectura":"2 minutos"},"schema":{"@context":"https:\/\/schema.org","@graph":[{"@type":"WebPage","@id":"https:\/\/www.giemme.net\/es\/empresa\/","url":"https:\/\/www.giemme.net\/es\/empresa\/","name":"GIEMME se dedica a la producci\u00f3n y venta de carpinter\u00eda de alta calidad y, hoy en d\u00eda, es una marca de referencia para clientes privados y empresas de construcci\u00f3n avanzada","isPartOf":{"@id":"https:\/\/www.giemme.net\/#website"},"datePublished":"2017-10-02T21:38:07+00:00","dateModified":"2024-11-12T09:33:18+00:00","description":"GIEMME se dedica a la producci\u00f3n y venta de carpinter\u00eda de alta calidad y, hoy en d\u00eda, es una marca de referencia para clientes privados y empresas de construcci\u00f3n avanzada.","breadcrumb":{"@id":"https:\/\/www.giemme.net\/es\/empresa\/#breadcrumb"},"inLanguage":"es","potentialAction":[{"@type":"ReadAction","target":["https:\/\/www.giemme.net\/es\/empresa\/"]}]},{"@type":"BreadcrumbList","@id":"https:\/\/www.giemme.net\/es\/empresa\/#breadcrumb","itemListElement":[{"@type":"ListItem","position":1,"name":"Home","item":"https:\/\/www.giemme.net\/es\/"},{"@type":"ListItem","position":2,"name":"empresa"}]},{"@type":"WebSite","@id":"https:\/\/www.giemme.net\/#website","url":"https:\/\/www.giemme.net\/","name":"Giemme | Produzione e Vendita di Finestre, Serramenti, Infissi e Scorrevoli","description":"Finestre Italiane di Design","potentialAction":[{"@type":"SearchAction","target":{"@type":"EntryPoint","urlTemplate":"https:\/\/www.giemme.net\/?s={search_term_string}"},"query-input":{"@type":"PropertyValueSpecification","valueRequired":true,"valueName":"search_term_string"}}],"inLanguage":"es"}]}},"_links":{"self":[{"href":"https:\/\/www.giemme.net\/es\/wp-json\/wp\/v2\/pages\/16428","targetHints":{"allow":["GET"]}}],"collection":[{"href":"https:\/\/www.giemme.net\/es\/wp-json\/wp\/v2\/pages"}],"about":[{"href":"https:\/\/www.giemme.net\/es\/wp-json\/wp\/v2\/types\/page"}],"author":[{"embeddable":true,"href":"https:\/\/www.giemme.net\/es\/wp-json\/wp\/v2\/users\/1"}],"replies":[{"embeddable":true,"href":"https:\/\/www.giemme.net\/es\/wp-json\/wp\/v2\/comments?post=16428"}],"version-history":[{"count":3,"href":"https:\/\/www.giemme.net\/es\/wp-json\/wp\/v2\/pages\/16428\/revisions"}],"predecessor-version":[{"id":16564,"href":"https:\/\/www.giemme.net\/es\/wp-json\/wp\/v2\/pages\/16428\/revisions\/16564"}],"wp:attachment":[{"href":"https:\/\/www.giemme.net\/es\/wp-json\/wp\/v2\/media?parent=16428"}],"curies":[{"name":"wp","href":"https:\/\/api.w.org\/{rel}","templated":true}]}}