{"id":16336,"date":"2018-03-13T12:19:00","date_gmt":"2018-03-13T11:19:00","guid":{"rendered":"https:\/\/www.giemme.net\/pergole\/"},"modified":"2024-11-13T09:34:39","modified_gmt":"2024-11-13T08:34:39","slug":"pergolas","status":"publish","type":"page","link":"https:\/\/www.giemme.net\/es\/portfolio\/pergolas\/","title":{"rendered":"P\u00e9rgolas"},"content":{"rendered":"<p>[vc_row row_type=\u00bbparallax\u00bb content_aligment=\u00bbcenter\u00bb full_screen_section_height=\u00bbno\u00bb section_height=\u00bb500&#8243; parallax_background_image=\u00bb9641&#8243;][vc_column][\/vc_column][\/vc_row][vc_row content_width=\u00bbgrid\u00bb css=\u00bb.vc_custom_1506679446012{padding-top: 102px !important;padding-bottom: 71px !important;}\u00bb][vc_column width=\u00bb1\/4&#8243;][vc_column_text]<\/p>\n<h2>P\u00e9rgolas<\/h2>\n<p>[\/vc_column_text]<div class=\"edgtf-separator-holder clearfix  edgtf-separator-left\">\n\t<div class=\"edgtf-separator\" style=\"border-color: #129048;border-style: solid;width: 50px;border-bottom-width: 1px;margin-top: 16px;margin-bottom: 40px\"><\/div>\n<\/div>\n[\/vc_column][vc_column width=\u00bb3\/4&#8243;][vc_column_text]<strong>GIEMME ofrece una colecci\u00f3n de P\u00e9rgolas Bioclim\u00e1ticas, P\u00e9rgolas Tradicionales y Toldos by PRATIC, marca l\u00edder en el sector de las p\u00e9rgolas y toldos.<\/strong><\/p>\n<p>Dise\u00f1o y funcionalidad se unen para crear espacios que dejan huella. Los espacios exteriores se enriquecen gracias a dise\u00f1os esenciales y racionales que ofrecen una protecci\u00f3n excepcional.<\/p>\n<p>Tecnolog\u00edas exclusivas y sostenibles que apuntan a crear espacios protegidos, c\u00f3modos y elegantes. El m\u00e1ximo nivel de confort en t\u00e9rminos de temperatura, luz, ventilaci\u00f3n y protecci\u00f3n: las p\u00e9rgolas bioclim\u00e1ticas, con su apariencia elegante y refinada, crean un microh\u00e1bitat agradable y ecol\u00f3gico.[\/vc_column_text][\/vc_column][\/vc_row][vc_row content_width=\u00bbgrid\u00bb][vc_column]<div class = \"edgtf-portfolio-list-holder-outer edgtf-ptf-standard edgtf-ptf-four-columns edgtf-ptf-load-more edgtf-ptf-has-filter edgtf-hover-outline\" data-next-page=\"2\" data-type=\"standard\" data-columns=\"4\" data-grid-size=\"three\" data-order-by=\"date\" data-order=\"ASC\" data-number=\"-1\" data-image-size=\"square\" data-filter=\"yes\" data-filter-order-by=\"name\" data-category=\"pergole\" data-show-load-more=\"yes\" data-title-tag=\"h4\" data-max-num-pages = 0><div class=\"edgtf-portfolio-filter-holder \">\n    <div class=\"edgtf-portfolio-filter-holder-inner\">\n                        \t<h6 class=\"edgtf-filter-heading\">Filter:<\/h6>\n            <ul class=\"edgtf-portfolio-filter-parent-categories clearfix\"\n                data-class=\"filter_1667738060\">\n                                <li class=\"edgtf-all-filter filter edgtf-parent-filter filter_1667738060\" data-filter=\"all\"><h6>All<\/h6><\/li>\n                                                            <li class=\"edgtf-parent-filter filter_1667738060\"\n                            data-filter=\".portfolio_category_659\"\n                            data-class=\"filter_1667738060\"\n                            data-group-id=\"659\"><h6>P\u00e9rgolas Bioclim\u00e1ticas<\/h6>\n                        <\/li>\n                                                                <li class=\"edgtf-parent-filter filter_1667738060\"\n                            data-filter=\".portfolio_category_658\"\n                            data-class=\"filter_1667738060\"\n                            data-group-id=\"658\"><h6>P\u00e9rgolas Tradicionales<\/h6>\n                        <\/li>\n                                                                <li class=\"edgtf-parent-filter filter_1667738060\"\n                            data-filter=\".portfolio_category_657\"\n                            data-class=\"filter_1667738060\"\n                            data-group-id=\"657\"><h6>Toldos<\/h6>\n                        <\/li>\n                                <\/ul>\n        \n            <\/div>\n<\/div><div class = \"edgtf-portfolio-list-holder clearfix\" >\n<article class=\"edgtf-portfolio-item mix portfolio_category_656 portfolio_category_659\">\n\t<div class = \"edgtf-item-image-holder\">\n\t\t<a href=\"https:\/\/www.giemme.net\/es\/portfolio-item\/pergole-bioclimatiche-vision-opera\/\">\n\t\t\t<img loading=\"lazy\" decoding=\"async\" width=\"550\" height=\"550\" src=\"https:\/\/www.giemme.net\/wp-content\/uploads\/2018\/03\/OPERA-5-550x550.jpg\" class=\"attachment-ratio_edge_square size-ratio_edge_square wp-post-image\" alt=\"\" srcset=\"https:\/\/www.giemme.net\/wp-content\/uploads\/2018\/03\/OPERA-5-550x550.jpg 550w, https:\/\/www.giemme.net\/wp-content\/uploads\/2018\/03\/OPERA-5-150x150.jpg 150w\" sizes=\"auto, (max-width: 550px) 100vw, 550px\" \/>\t\t\t<span class=\"edgtf-view-project\">View Project<\/span>\n\t\t\t<span class=\"edgtf-hover-border\"><\/span>\n\t\t<\/a>\n\t<\/div>\n\t<div class=\"edgtf-item-text-holder\">\n\t\t<h4 class=\"edgtf-item-title\">\n\t\t\t<a href=\"https:\/\/www.giemme.net\/es\/portfolio-item\/pergole-bioclimatiche-vision-opera\/\">\n\t\t\t\tP\u00e9rgolas bioclim\u00e1ticas  &#8211; Vision, Opera\t\t\t<\/a>\t\n\t\t<\/h4>\t\n\t\t<h6 class=\"edgtf-ptf-category-holder\"><span>P\u00e9rgolas<\/span>, <span>P\u00e9rgolas Bioclim\u00e1ticas<\/span><\/h6>\t<\/div>\n<\/article>\n\n\n<article class=\"edgtf-portfolio-item mix portfolio_category_656 portfolio_category_659\">\n\t<div class = \"edgtf-item-image-holder\">\n\t\t<a href=\"https:\/\/www.giemme.net\/es\/portfolio-item\/pergolas-bioclimaticas-nomo-rialto\/\">\n\t\t\t<img loading=\"lazy\" decoding=\"async\" width=\"550\" height=\"550\" src=\"https:\/\/www.giemme.net\/wp-content\/uploads\/2018\/03\/NOMO-8-550x550.jpg\" class=\"attachment-ratio_edge_square size-ratio_edge_square wp-post-image\" alt=\"\" srcset=\"https:\/\/www.giemme.net\/wp-content\/uploads\/2018\/03\/NOMO-8-550x550.jpg 550w, https:\/\/www.giemme.net\/wp-content\/uploads\/2018\/03\/NOMO-8-150x150.jpg 150w\" sizes=\"auto, (max-width: 550px) 100vw, 550px\" \/>\t\t\t<span class=\"edgtf-view-project\">View Project<\/span>\n\t\t\t<span class=\"edgtf-hover-border\"><\/span>\n\t\t<\/a>\n\t<\/div>\n\t<div class=\"edgtf-item-text-holder\">\n\t\t<h4 class=\"edgtf-item-title\">\n\t\t\t<a href=\"https:\/\/www.giemme.net\/es\/portfolio-item\/pergolas-bioclimaticas-nomo-rialto\/\">\n\t\t\t\tP\u00e9rgolas bioclim\u00e1ticas &#8211; Nomo, Rialto\t\t\t<\/a>\t\n\t\t<\/h4>\t\n\t\t<h6 class=\"edgtf-ptf-category-holder\"><span>P\u00e9rgolas<\/span>, <span>P\u00e9rgolas Bioclim\u00e1ticas<\/span><\/h6>\t<\/div>\n<\/article>\n\n\n<article class=\"edgtf-portfolio-item mix portfolio_category_656 portfolio_category_658\">\n\t<div class = \"edgtf-item-image-holder\">\n\t\t<a href=\"https:\/\/www.giemme.net\/es\/portfolio-item\/pergolas-classic-fusion-level\/\">\n\t\t\t<img loading=\"lazy\" decoding=\"async\" width=\"550\" height=\"550\" src=\"https:\/\/www.giemme.net\/wp-content\/uploads\/2018\/03\/FUSION-2-550x550.jpg\" class=\"attachment-ratio_edge_square size-ratio_edge_square wp-post-image\" alt=\"\" srcset=\"https:\/\/www.giemme.net\/wp-content\/uploads\/2018\/03\/FUSION-2-550x550.jpg 550w, https:\/\/www.giemme.net\/wp-content\/uploads\/2018\/03\/FUSION-2-150x150.jpg 150w\" sizes=\"auto, (max-width: 550px) 100vw, 550px\" \/>\t\t\t<span class=\"edgtf-view-project\">View Project<\/span>\n\t\t\t<span class=\"edgtf-hover-border\"><\/span>\n\t\t<\/a>\n\t<\/div>\n\t<div class=\"edgtf-item-text-holder\">\n\t\t<h4 class=\"edgtf-item-title\">\n\t\t\t<a href=\"https:\/\/www.giemme.net\/es\/portfolio-item\/pergolas-classic-fusion-level\/\">\n\t\t\t\tP\u00e9rgolas Classic &#8211; Fusion, Level\t\t\t<\/a>\t\n\t\t<\/h4>\t\n\t\t<h6 class=\"edgtf-ptf-category-holder\"><span>P\u00e9rgolas<\/span>, <span>P\u00e9rgolas Tradicionales<\/span><\/h6>\t<\/div>\n<\/article>\n\n\n<article class=\"edgtf-portfolio-item mix portfolio_category_656 portfolio_category_658\">\n\t<div class = \"edgtf-item-image-holder\">\n\t\t<a href=\"https:\/\/www.giemme.net\/es\/portfolio-item\/pergolas-classic-alutecnic-phoenix\/\">\n\t\t\t<img loading=\"lazy\" decoding=\"async\" width=\"550\" height=\"550\" src=\"https:\/\/www.giemme.net\/wp-content\/uploads\/2018\/03\/PHOENIX-1-550x550.jpg\" class=\"attachment-ratio_edge_square size-ratio_edge_square wp-post-image\" alt=\"\" srcset=\"https:\/\/www.giemme.net\/wp-content\/uploads\/2018\/03\/PHOENIX-1-550x550.jpg 550w, https:\/\/www.giemme.net\/wp-content\/uploads\/2018\/03\/PHOENIX-1-150x150.jpg 150w\" sizes=\"auto, (max-width: 550px) 100vw, 550px\" \/>\t\t\t<span class=\"edgtf-view-project\">View Project<\/span>\n\t\t\t<span class=\"edgtf-hover-border\"><\/span>\n\t\t<\/a>\n\t<\/div>\n\t<div class=\"edgtf-item-text-holder\">\n\t\t<h4 class=\"edgtf-item-title\">\n\t\t\t<a href=\"https:\/\/www.giemme.net\/es\/portfolio-item\/pergolas-classic-alutecnic-phoenix\/\">\n\t\t\t\tP\u00e9rgolas Classic &#8211; Alutecnic, Phoenix\t\t\t<\/a>\t\n\t\t<\/h4>\t\n\t\t<h6 class=\"edgtf-ptf-category-holder\"><span>P\u00e9rgolas<\/span>, <span>P\u00e9rgolas Tradicionales<\/span><\/h6>\t<\/div>\n<\/article>\n\n\n<article class=\"edgtf-portfolio-item mix portfolio_category_656 portfolio_category_657\">\n\t<div class = \"edgtf-item-image-holder\">\n\t\t<a href=\"https:\/\/www.giemme.net\/es\/portfolio-item\/toldos-t-hide-t-code\/\">\n\t\t\t<img loading=\"lazy\" decoding=\"async\" width=\"550\" height=\"550\" src=\"https:\/\/www.giemme.net\/wp-content\/uploads\/2018\/03\/T-HIDE-5-550x550.jpg\" class=\"attachment-ratio_edge_square size-ratio_edge_square wp-post-image\" alt=\"\" srcset=\"https:\/\/www.giemme.net\/wp-content\/uploads\/2018\/03\/T-HIDE-5-550x550.jpg 550w, https:\/\/www.giemme.net\/wp-content\/uploads\/2018\/03\/T-HIDE-5-150x150.jpg 150w\" sizes=\"auto, (max-width: 550px) 100vw, 550px\" \/>\t\t\t<span class=\"edgtf-view-project\">View Project<\/span>\n\t\t\t<span class=\"edgtf-hover-border\"><\/span>\n\t\t<\/a>\n\t<\/div>\n\t<div class=\"edgtf-item-text-holder\">\n\t\t<h4 class=\"edgtf-item-title\">\n\t\t\t<a href=\"https:\/\/www.giemme.net\/es\/portfolio-item\/toldos-t-hide-t-code\/\">\n\t\t\t\tToldos &#8211; T-Hide, T-Code\t\t\t<\/a>\t\n\t\t<\/h4>\t\n\t\t<h6 class=\"edgtf-ptf-category-holder\"><span>P\u00e9rgolas<\/span>, <span>Toldos<\/span><\/h6>\t<\/div>\n<\/article>\n\n<div class='edgtf-portfolio-gap'><\/div>\n<div class='edgtf-portfolio-gap'><\/div>\n<div class='edgtf-portfolio-gap'><\/div>\n<div class='edgtf-portfolio-gap'><\/div>\n<\/div><\/div>[\/vc_column][\/vc_row]<\/p>\n","protected":false},"excerpt":{"rendered":"<p>[vc_row row_type=\u00bbparallax\u00bb content_aligment=\u00bbcenter\u00bb full_screen_section_height=\u00bbno\u00bb section_height=\u00bb500&#8243; parallax_background_image=\u00bb9641&#8243;][vc_column][\/vc_column][\/vc_row][vc_row content_width=\u00bbgrid\u00bb css=\u00bb.vc_custom_1506679446012{padding-top: 102px !important;padding-bottom: 71px !important;}\u00bb][vc_column width=\u00bb1\/4&#8243;][vc_column_text] P\u00e9rgolas [\/vc_column_text][\/vc_column][vc_column width=\u00bb3\/4&#8243;][vc_column_text]GIEMME ofrece una colecci\u00f3n de P\u00e9rgolas Bioclim\u00e1ticas, P\u00e9rgolas Tradicionales y Toldos by PRATIC, marca l\u00edder en el sector de las p\u00e9rgolas y toldos. Dise\u00f1o y funcionalidad se unen para crear&#8230;<\/p>\n","protected":false},"author":1,"featured_media":0,"parent":16605,"menu_order":0,"comment_status":"closed","ping_status":"closed","template":"full-width.php","meta":{"ngg_post_thumbnail":0,"footnotes":""},"class_list":["post-16336","page","type-page","status-publish","hentry"],"yoast_head":"<!-- This site is optimized with the Yoast SEO plugin v27.5 - https:\/\/yoast.com\/product\/yoast-seo-wordpress\/ -->\n<title>P\u00e9rgolas - GIEMME ofrece una colecci\u00f3n de P\u00e9rgolas Bioclim\u00e1ticas, P\u00e9rgolas Tradicionales y Toldos by PRATIC, marca l\u00edder en el sector de las p\u00e9rgolas y toldos.<\/title>\n<meta name=\"description\" content=\"GIEMME ofrece una colecci\u00f3n de P\u00e9rgolas Bioclim\u00e1ticas, P\u00e9rgolas Tradicionales y Toldos by PRATIC, marca l\u00edder en el sector de las p\u00e9rgolas y toldos.\" \/>\n<meta name=\"robots\" content=\"index, follow, max-snippet:-1, max-image-preview:large, max-video-preview:-1\" \/>\n<link rel=\"canonical\" href=\"https:\/\/www.giemme.net\/es\/portfolio\/pergolas\/\" \/>\n<meta property=\"og:locale\" content=\"es_ES\" \/>\n<meta property=\"og:type\" content=\"article\" \/>\n<meta property=\"og:title\" content=\"P\u00e9rgolas - GIEMME ofrece una colecci\u00f3n de P\u00e9rgolas Bioclim\u00e1ticas, P\u00e9rgolas Tradicionales y Toldos by PRATIC, marca l\u00edder en el sector de las p\u00e9rgolas y toldos.\" \/>\n<meta property=\"og:description\" content=\"GIEMME ofrece una colecci\u00f3n de P\u00e9rgolas Bioclim\u00e1ticas, P\u00e9rgolas Tradicionales y Toldos by PRATIC, marca l\u00edder en el sector de las p\u00e9rgolas y toldos.\" \/>\n<meta property=\"og:url\" content=\"https:\/\/www.giemme.net\/es\/portfolio\/pergolas\/\" \/>\n<meta property=\"og:site_name\" content=\"Giemme | Produzione e Vendita di Finestre, Serramenti, Infissi e Scorrevoli\" \/>\n<meta property=\"article:modified_time\" content=\"2024-11-13T08:34:39+00:00\" \/>\n<meta name=\"twitter:card\" content=\"summary_large_image\" \/>\n<meta name=\"twitter:label1\" content=\"Tiempo de lectura\" \/>\n\t<meta name=\"twitter:data1\" content=\"1 minuto\" \/>\n<script type=\"application\/ld+json\" class=\"yoast-schema-graph\">{\"@context\":\"https:\\\/\\\/schema.org\",\"@graph\":[{\"@type\":\"WebPage\",\"@id\":\"https:\\\/\\\/www.giemme.net\\\/es\\\/portfolio\\\/pergolas\\\/\",\"url\":\"https:\\\/\\\/www.giemme.net\\\/es\\\/portfolio\\\/pergolas\\\/\",\"name\":\"P\u00e9rgolas - GIEMME ofrece una colecci\u00f3n de P\u00e9rgolas Bioclim\u00e1ticas, P\u00e9rgolas Tradicionales y Toldos by PRATIC, marca l\u00edder en el sector de las p\u00e9rgolas y toldos.\",\"isPartOf\":{\"@id\":\"https:\\\/\\\/www.giemme.net\\\/#website\"},\"datePublished\":\"2018-03-13T11:19:00+00:00\",\"dateModified\":\"2024-11-13T08:34:39+00:00\",\"description\":\"GIEMME ofrece una colecci\u00f3n de P\u00e9rgolas Bioclim\u00e1ticas, P\u00e9rgolas Tradicionales y Toldos by PRATIC, marca l\u00edder en el sector de las p\u00e9rgolas y toldos.\",\"breadcrumb\":{\"@id\":\"https:\\\/\\\/www.giemme.net\\\/es\\\/portfolio\\\/pergolas\\\/#breadcrumb\"},\"inLanguage\":\"es\",\"potentialAction\":[{\"@type\":\"ReadAction\",\"target\":[\"https:\\\/\\\/www.giemme.net\\\/es\\\/portfolio\\\/pergolas\\\/\"]}]},{\"@type\":\"BreadcrumbList\",\"@id\":\"https:\\\/\\\/www.giemme.net\\\/es\\\/portfolio\\\/pergolas\\\/#breadcrumb\",\"itemListElement\":[{\"@type\":\"ListItem\",\"position\":1,\"name\":\"Home\",\"item\":\"https:\\\/\\\/www.giemme.net\\\/es\\\/\"},{\"@type\":\"ListItem\",\"position\":2,\"name\":\"Portfolio\",\"item\":\"https:\\\/\\\/www.giemme.net\\\/es\\\/portfolio\\\/\"},{\"@type\":\"ListItem\",\"position\":3,\"name\":\"P\u00e9rgolas\"}]},{\"@type\":\"WebSite\",\"@id\":\"https:\\\/\\\/www.giemme.net\\\/#website\",\"url\":\"https:\\\/\\\/www.giemme.net\\\/\",\"name\":\"Giemme | Produzione e Vendita di Finestre, Serramenti, Infissi e Scorrevoli\",\"description\":\"Finestre Italiane di Design\",\"potentialAction\":[{\"@type\":\"SearchAction\",\"target\":{\"@type\":\"EntryPoint\",\"urlTemplate\":\"https:\\\/\\\/www.giemme.net\\\/?s={search_term_string}\"},\"query-input\":{\"@type\":\"PropertyValueSpecification\",\"valueRequired\":true,\"valueName\":\"search_term_string\"}}],\"inLanguage\":\"es\"}]}<\/script>\n<!-- \/ Yoast SEO plugin. -->","yoast_head_json":{"title":"P\u00e9rgolas - GIEMME ofrece una colecci\u00f3n de P\u00e9rgolas Bioclim\u00e1ticas, P\u00e9rgolas Tradicionales y Toldos by PRATIC, marca l\u00edder en el sector de las p\u00e9rgolas y toldos.","description":"GIEMME ofrece una colecci\u00f3n de P\u00e9rgolas Bioclim\u00e1ticas, P\u00e9rgolas Tradicionales y Toldos by PRATIC, marca l\u00edder en el sector de las p\u00e9rgolas y toldos.","robots":{"index":"index","follow":"follow","max-snippet":"max-snippet:-1","max-image-preview":"max-image-preview:large","max-video-preview":"max-video-preview:-1"},"canonical":"https:\/\/www.giemme.net\/es\/portfolio\/pergolas\/","og_locale":"es_ES","og_type":"article","og_title":"P\u00e9rgolas - GIEMME ofrece una colecci\u00f3n de P\u00e9rgolas Bioclim\u00e1ticas, P\u00e9rgolas Tradicionales y Toldos by PRATIC, marca l\u00edder en el sector de las p\u00e9rgolas y toldos.","og_description":"GIEMME ofrece una colecci\u00f3n de P\u00e9rgolas Bioclim\u00e1ticas, P\u00e9rgolas Tradicionales y Toldos by PRATIC, marca l\u00edder en el sector de las p\u00e9rgolas y toldos.","og_url":"https:\/\/www.giemme.net\/es\/portfolio\/pergolas\/","og_site_name":"Giemme | Produzione e Vendita di Finestre, Serramenti, Infissi e Scorrevoli","article_modified_time":"2024-11-13T08:34:39+00:00","twitter_card":"summary_large_image","twitter_misc":{"Tiempo de lectura":"1 minuto"},"schema":{"@context":"https:\/\/schema.org","@graph":[{"@type":"WebPage","@id":"https:\/\/www.giemme.net\/es\/portfolio\/pergolas\/","url":"https:\/\/www.giemme.net\/es\/portfolio\/pergolas\/","name":"P\u00e9rgolas - GIEMME ofrece una colecci\u00f3n de P\u00e9rgolas Bioclim\u00e1ticas, P\u00e9rgolas Tradicionales y Toldos by PRATIC, marca l\u00edder en el sector de las p\u00e9rgolas y toldos.","isPartOf":{"@id":"https:\/\/www.giemme.net\/#website"},"datePublished":"2018-03-13T11:19:00+00:00","dateModified":"2024-11-13T08:34:39+00:00","description":"GIEMME ofrece una colecci\u00f3n de P\u00e9rgolas Bioclim\u00e1ticas, P\u00e9rgolas Tradicionales y Toldos by PRATIC, marca l\u00edder en el sector de las p\u00e9rgolas y toldos.","breadcrumb":{"@id":"https:\/\/www.giemme.net\/es\/portfolio\/pergolas\/#breadcrumb"},"inLanguage":"es","potentialAction":[{"@type":"ReadAction","target":["https:\/\/www.giemme.net\/es\/portfolio\/pergolas\/"]}]},{"@type":"BreadcrumbList","@id":"https:\/\/www.giemme.net\/es\/portfolio\/pergolas\/#breadcrumb","itemListElement":[{"@type":"ListItem","position":1,"name":"Home","item":"https:\/\/www.giemme.net\/es\/"},{"@type":"ListItem","position":2,"name":"Portfolio","item":"https:\/\/www.giemme.net\/es\/portfolio\/"},{"@type":"ListItem","position":3,"name":"P\u00e9rgolas"}]},{"@type":"WebSite","@id":"https:\/\/www.giemme.net\/#website","url":"https:\/\/www.giemme.net\/","name":"Giemme | Produzione e Vendita di Finestre, Serramenti, Infissi e Scorrevoli","description":"Finestre Italiane di Design","potentialAction":[{"@type":"SearchAction","target":{"@type":"EntryPoint","urlTemplate":"https:\/\/www.giemme.net\/?s={search_term_string}"},"query-input":{"@type":"PropertyValueSpecification","valueRequired":true,"valueName":"search_term_string"}}],"inLanguage":"es"}]}},"_links":{"self":[{"href":"https:\/\/www.giemme.net\/es\/wp-json\/wp\/v2\/pages\/16336","targetHints":{"allow":["GET"]}}],"collection":[{"href":"https:\/\/www.giemme.net\/es\/wp-json\/wp\/v2\/pages"}],"about":[{"href":"https:\/\/www.giemme.net\/es\/wp-json\/wp\/v2\/types\/page"}],"author":[{"embeddable":true,"href":"https:\/\/www.giemme.net\/es\/wp-json\/wp\/v2\/users\/1"}],"replies":[{"embeddable":true,"href":"https:\/\/www.giemme.net\/es\/wp-json\/wp\/v2\/comments?post=16336"}],"version-history":[{"count":2,"href":"https:\/\/www.giemme.net\/es\/wp-json\/wp\/v2\/pages\/16336\/revisions"}],"predecessor-version":[{"id":16805,"href":"https:\/\/www.giemme.net\/es\/wp-json\/wp\/v2\/pages\/16336\/revisions\/16805"}],"up":[{"embeddable":true,"href":"https:\/\/www.giemme.net\/es\/wp-json\/wp\/v2\/pages\/16605"}],"wp:attachment":[{"href":"https:\/\/www.giemme.net\/es\/wp-json\/wp\/v2\/media?parent=16336"}],"curies":[{"name":"wp","href":"https:\/\/api.w.org\/{rel}","templated":true}]}}