{"id":16272,"date":"2020-02-03T16:56:09","date_gmt":"2020-02-03T15:56:09","guid":{"rendered":"https:\/\/www.giemme.net\/giemme360\/"},"modified":"2024-11-13T10:25:47","modified_gmt":"2024-11-13T09:25:47","slug":"giemme360","status":"publish","type":"page","link":"https:\/\/www.giemme.net\/es\/giemme360\/","title":{"rendered":"#Giemme360\u00b0"},"content":{"rendered":"<p>[vc_row][vc_column][rev_slider_vc alias=\u00bbgiemme360&#8243;][\/vc_column][\/vc_row][vc_row content_width=\u00bbgrid\u00bb content_aligment=\u00bbcenter\u00bb css=\u00bb.vc_custom_1518604242613{padding-top: 104px !important;padding-right: 50px !important;padding-bottom: 69px !important;}\u00bb][vc_column width=\u00bb1\/4&#8243;][vc_column_text]<\/p>\n<h2 style=\"text-align: left;\">#Giemme360\u00b0<\/h2>\n<p>[\/vc_column_text]<div class=\"edgtf-separator-holder clearfix  edgtf-separator-left\">\n\t<div class=\"edgtf-separator\" style=\"border-color: #129048;border-style: solid;width: 50px;border-bottom-width: 1px;margin-top: 16px;margin-bottom: 40px\"><\/div>\n<\/div>\n[\/vc_column][vc_column width=\u00bb3\/4&#8243;][vc_column_text]Adem\u00e1s de fabricar ventanas, Giemme vende muchos otros productos para perfeccionar tu edificio en todos los aspectos: <strong>Puertas Correderas, Puertas de Cristal\/Puertas Vidrieras, Puertas de Interior Garofoli y Gidea, Boiserie, Entarimados, Armarios, Puertas de Entrada, Contraventanas, Persianas, Puertas Blindadas, Puertas de Garaje, Puertas Basculantes, Rejas, P\u00e9rgolas bioclim\u00e1ticas, Toldos y Mosquiteras<\/strong>.<\/p>\n<p>Busca la etiqueta <strong>#Giemme360<\/strong> en las redes sociales para ver nuestras obras.[\/vc_column_text][vc_empty_space height=\u00bb52px\u00bb][vc_row_inner][vc_column_inner][vc_column_text]<\/p>\n<h2>Productos #Giemme360\u00b0<\/h2>\n<p>[\/vc_column_text][\/vc_column_inner][\/vc_row_inner]<div class=\"edgtf-separator-holder clearfix  edgtf-separator-left\">\n\t<div class=\"edgtf-separator\" style=\"border-color: #129048;border-style: solid;width: 1000px;border-bottom-width: 1px;margin-top: 16px\"><\/div>\n<\/div>\n[vc_empty_space][vc_row_inner][vc_column_inner width=\u00bb1\/2&#8243;][vc_single_image image=\u00bb12456&#8243; img_size=\u00bbfull\u00bb onclick=\u00bbcustom_link\u00bb link=\u00bb\/es\/portfolio\/puertas\/puertas-de-interior\/\u00bb][vc_empty_space height=\u00bb20px\u00bb][vc_column_text]<\/p>\n<h2><a href=\"\/es\/portfolio\/puertas\/puertas-de-interior\/\">PUERTAS DE INTERIOR<\/a><\/h2>\n<ul>\n<li><strong>Puertas Garofoli y Gidea<\/strong><\/li>\n<li><strong>Puertas Correderas y Abatibles<br \/>\n<\/strong><\/li>\n<li><strong>Puertas Enrasadas<br \/>\n<\/strong><\/li>\n<li><strong>Puertas Plegables<br \/>\n<\/strong><\/li>\n<li><strong>Puertas de Cristal y Puertas Vidrieras<\/strong><\/li>\n<\/ul>\n<p>[\/vc_column_text][vc_empty_space]<a href=\"\/es\/portfolio\/puertas\/puertas-de-interior\/\" target=\"_self\"  class=\"edgtf-btn edgtf-btn-large edgtf-btn-solid edgtf-has-hover edgtf-btn-icon\"  >\n    <span class=\"edgtf-btn-text\">Ir a la secci\u00f3n PUERTAS DE INTERIOR<\/span><span aria-hidden=\"true\" class=\"edgtf-icon-font-elegant arrow_carrot-right_alt edgtf-btn-icon-holder\" style=\"\" ><\/span>    <span class=\"edgtf-btn-background-holder\" ><\/span>\n    <span class=\"edgtf-btn-background-hover-holder\" ><\/span>\n<\/a>[vc_empty_space height=\u00bb20px\u00bb]<div class=\"edgtf-separator-holder clearfix  edgtf-separator-left\">\n\t<div class=\"edgtf-separator\" style=\"border-color: #129048;border-style: solid;width: 100%;border-bottom-width: 1px;margin-top: 16px\"><\/div>\n<\/div>\n[vc_empty_space height=\u00bb20px\u00bb][\/vc_column_inner][vc_column_inner width=\u00bb1\/2&#8243;][vc_single_image image=\u00bb12462&#8243; img_size=\u00bbfull\u00bb onclick=\u00bbcustom_link\u00bb link=\u00bb\/es\/portfolio-item\/mobilario\/\u00bb][vc_empty_space height=\u00bb20px\u00bb][vc_column_text]<\/p>\n<h2><a href=\"\/es\/portfolio-item\/mobilario\/\/\">MOBILIARIO Y ACCESORIOS DE INTERIOR<\/a><\/h2>\n<ul>\n<li><strong>Juegos de Garofoli<\/strong><\/li>\n<li><strong>Armarios<br \/>\n<\/strong><\/li>\n<li><strong>Boiserie<br \/>\n<\/strong><\/li>\n<li><strong>Correderas<br \/>\n<\/strong><\/li>\n<li><strong>Entarimados<\/strong><\/li>\n<\/ul>\n<p>[\/vc_column_text][vc_empty_space]<a href=\"\/es\/portfolio-item\/mobilario\/\" target=\"_self\"  class=\"edgtf-btn edgtf-btn-large edgtf-btn-solid edgtf-has-hover edgtf-btn-icon\"  >\n    <span class=\"edgtf-btn-text\">Ir a la secci\u00f3n MOBILIARIO<\/span><span aria-hidden=\"true\" class=\"edgtf-icon-font-elegant arrow_carrot-right_alt edgtf-btn-icon-holder\" style=\"\" ><\/span>    <span class=\"edgtf-btn-background-holder\" ><\/span>\n    <span class=\"edgtf-btn-background-hover-holder\" ><\/span>\n<\/a>[vc_empty_space height=\u00bb20px\u00bb]<div class=\"edgtf-separator-holder clearfix  edgtf-separator-left\">\n\t<div class=\"edgtf-separator\" style=\"border-color: #129048;border-style: solid;width: 100%;border-bottom-width: 1px;margin-top: 16px\"><\/div>\n<\/div>\n[vc_empty_space height=\u00bb20px\u00bb][\/vc_column_inner][\/vc_row_inner][vc_row_inner][vc_column_inner width=\u00bb1\/2&#8243;][vc_single_image image=\u00bb12469&#8243; img_size=\u00bbfull\u00bb onclick=\u00bbcustom_link\u00bb link=\u00bb\/es\/portfolio\/complementos\/\u00bb][vc_empty_space height=\u00bb20px\u00bb][vc_column_text]<\/p>\n<h2><a href=\"\/es\/portfolio\/complementos\/\">COMPLEMENTOS<\/a><\/h2>\n<ul>\n<li><strong>Puertas Blindadas<\/strong><\/li>\n<li><strong>Rejas<br \/>\n<\/strong><\/li>\n<li><strong>Mosquiteras<br \/>\n<\/strong><\/li>\n<li><strong>Puertas de Garaje<br \/>\n<\/strong><\/li>\n<li><strong>Puertas Basculantes <\/strong> (manuales y autom\u00e1ticas)<\/li>\n<\/ul>\n<p>[\/vc_column_text][vc_empty_space]<a href=\"\/es\/portfolio\/complementos\/\" target=\"_self\"  class=\"edgtf-btn edgtf-btn-large edgtf-btn-solid edgtf-has-hover edgtf-btn-icon\"  >\n    <span class=\"edgtf-btn-text\">Ir a la secci\u00f3n COMPLEMENTOS<\/span><span aria-hidden=\"true\" class=\"edgtf-icon-font-elegant arrow_carrot-right_alt edgtf-btn-icon-holder\" style=\"\" ><\/span>    <span class=\"edgtf-btn-background-holder\" ><\/span>\n    <span class=\"edgtf-btn-background-hover-holder\" ><\/span>\n<\/a>[vc_empty_space height=\u00bb20px\u00bb]<div class=\"edgtf-separator-holder clearfix  edgtf-separator-left\">\n\t<div class=\"edgtf-separator\" style=\"border-color: #129048;border-style: solid;width: 100%;border-bottom-width: 1px;margin-top: 16px\"><\/div>\n<\/div>\n[vc_empty_space height=\u00bb20px\u00bb][\/vc_column_inner][vc_column_inner width=\u00bb1\/2&#8243;][vc_single_image image=\u00bb12472&#8243; img_size=\u00bbfull\u00bb onclick=\u00bbcustom_link\u00bb link=\u00bb\/es\/portfolio\/persianas-y-contraventanas\/\u00bb][vc_empty_space height=\u00bb20px\u00bb][vc_column_text]<\/p>\n<h2><a href=\"\/es\/portfolio\/persianas-y-contraventanas\/\">PERSIANAS Y CONTRAVENTANAS<\/a><\/h2>\n<ul>\n<li><strong>Contraventanas de Madera, Aluminio y PVC<\/strong><\/li>\n<li><strong>Persianas de Madera, Aluminio y PVC<\/strong><\/li>\n<li><strong>Persianas Enrollables<br \/>\n<\/strong><\/li>\n<li><strong>Persianas Enrollables de Seguridad<\/strong><\/li>\n<li><strong>Persianas de Lamas Orientables<\/strong><\/li>\n<\/ul>\n<p>[\/vc_column_text][vc_empty_space]<a href=\"\/es\/portfolio\/persianas-y-contraventanas\/\" target=\"_self\"  class=\"edgtf-btn edgtf-btn-large edgtf-btn-solid edgtf-has-hover edgtf-btn-icon\"  >\n    <span class=\"edgtf-btn-text\">Ir a la secci\u00f3n PERSIANAS<\/span><span aria-hidden=\"true\" class=\"edgtf-icon-font-elegant arrow_carrot-right_alt edgtf-btn-icon-holder\" style=\"\" ><\/span>    <span class=\"edgtf-btn-background-holder\" ><\/span>\n    <span class=\"edgtf-btn-background-hover-holder\" ><\/span>\n<\/a>[vc_empty_space height=\u00bb20px\u00bb]<div class=\"edgtf-separator-holder clearfix  edgtf-separator-left\">\n\t<div class=\"edgtf-separator\" style=\"border-color: #129048;border-style: solid;width: 100%;border-bottom-width: 1px;margin-top: 16px\"><\/div>\n<\/div>\n[vc_empty_space height=\u00bb20px\u00bb][\/vc_column_inner][\/vc_row_inner][vc_row_inner][vc_column_inner width=\u00bb1\/2&#8243;][vc_single_image image=\u00bb12476&#8243; img_size=\u00bbfull\u00bb onclick=\u00bbcustom_link\u00bb link=\u00bb\/es\/portfolio\/pergolas\/\u00bb][vc_empty_space height=\u00bb20px\u00bb][vc_column_text]<\/p>\n<h2><a href=\"\/es\/portfolio\/pergolas\/\">P\u00c9RGOLAS Y TOLDOS<\/a><\/h2>\n<ul>\n<li><strong>P\u00e9rgolas y Toldos by Pratic<\/strong><\/li>\n<li><strong>P\u00e9rgolas Bioclim\u00e1ticas<br \/>\n<\/strong><\/li>\n<li><strong>P\u00e9rgolas Tradicionales<br \/>\n<\/strong><\/li>\n<li><strong>Toldos<br \/>\n<\/strong><\/li>\n<li><strong>Toldos Vela<\/strong><\/li>\n<\/ul>\n<p>[\/vc_column_text][vc_empty_space]<a href=\"\/es\/portfolio\/pergolas\/\" target=\"_self\"  class=\"edgtf-btn edgtf-btn-large edgtf-btn-solid edgtf-has-hover edgtf-btn-icon\"  >\n    <span class=\"edgtf-btn-text\">Ir a la secci\u00f3n P\u00c9RGOLAS<\/span><span aria-hidden=\"true\" class=\"edgtf-icon-font-elegant arrow_carrot-right_alt edgtf-btn-icon-holder\" style=\"\" ><\/span>    <span class=\"edgtf-btn-background-holder\" ><\/span>\n    <span class=\"edgtf-btn-background-hover-holder\" ><\/span>\n<\/a>[vc_empty_space height=\u00bb20px\u00bb]<div class=\"edgtf-separator-holder clearfix  edgtf-separator-left\">\n\t<div class=\"edgtf-separator\" style=\"border-color: #129048;border-style: solid;width: 100%;border-bottom-width: 1px;margin-top: 16px\"><\/div>\n<\/div>\n[vc_empty_space height=\u00bb20px\u00bb][\/vc_column_inner][\/vc_row_inner][\/vc_column][\/vc_row][vc_row][vc_column][\/vc_column][\/vc_row]<\/p>\n","protected":false},"excerpt":{"rendered":"<p>[vc_row][vc_column][rev_slider_vc alias=\u00bbgiemme360&#8243;][\/vc_column][\/vc_row][vc_row content_width=\u00bbgrid\u00bb content_aligment=\u00bbcenter\u00bb css=\u00bb.vc_custom_1518604242613{padding-top: 104px !important;padding-right: 50px !important;padding-bottom: 69px !important;}\u00bb][vc_column width=\u00bb1\/4&#8243;][vc_column_text] #Giemme360\u00b0 [\/vc_column_text][\/vc_column][vc_column width=\u00bb3\/4&#8243;][vc_column_text]Adem\u00e1s de fabricar ventanas, Giemme vende muchos otros productos para perfeccionar tu edificio en todos los aspectos: Puertas Correderas, Puertas de Cristal\/Puertas Vidrieras, Puertas de Interior Garofoli y Gidea, Boiserie, Entarimados,&#8230;<\/p>\n","protected":false},"author":1,"featured_media":0,"parent":0,"menu_order":0,"comment_status":"closed","ping_status":"closed","template":"full-width.php","meta":{"ngg_post_thumbnail":0,"footnotes":""},"class_list":["post-16272","page","type-page","status-publish","hentry"],"yoast_head":"<!-- This site is optimized with the Yoast SEO plugin v27.4 - https:\/\/yoast.com\/product\/yoast-seo-wordpress\/ -->\n<title>#Giemme360\u00b0 - Adem\u00e1s de fabricar ventanas, Giemme vende muchos otros productos para perfeccionar tu edificio en todos los aspectos: Puertas Correderas, Puertas de Cristal\/Puertas Vidrieras, \u00ac\u00acPuertas de Interior Garofoli y Gidea, Boiserie, Entarimados, Armarios, Puertas de Entrada, Contraventanas, Persianas, Puertas Blindadas, Puertas de Garaje, Puertas Basculantes, Rejas, P\u00e9rgolas bioclim\u00e1ticas, Toldos y Mosquiteras.<\/title>\n<meta name=\"description\" content=\"Adem\u00e1s de fabricar ventanas, Giemme vende muchos otros productos para perfeccionar tu edificio en todos los aspectos: Puertas Correderas, Puertas de Cristal\/Puertas Vidrieras, Puertas de Interior Garofoli y Gidea, Boiserie, Entarimados, Armarios, Puertas de Entrada, Contraventanas, Persianas, Puertas Blindadas, Puertas de Garaje, Puertas Basculantes, Rejas, P\u00e9rgolas bioclim\u00e1ticas, Toldos y Mosquiteras.\" \/>\n<meta name=\"robots\" content=\"index, follow, max-snippet:-1, max-image-preview:large, max-video-preview:-1\" \/>\n<link rel=\"canonical\" href=\"https:\/\/www.giemme.net\/es\/giemme360\/\" \/>\n<meta property=\"og:locale\" content=\"es_ES\" \/>\n<meta property=\"og:type\" content=\"article\" \/>\n<meta property=\"og:title\" content=\"#Giemme360\u00b0 - Adem\u00e1s de fabricar ventanas, Giemme vende muchos otros productos para perfeccionar tu edificio en todos los aspectos: Puertas Correderas, Puertas de Cristal\/Puertas Vidrieras, \u00ac\u00acPuertas de Interior Garofoli y Gidea, Boiserie, Entarimados, Armarios, Puertas de Entrada, Contraventanas, Persianas, Puertas Blindadas, Puertas de Garaje, Puertas Basculantes, Rejas, P\u00e9rgolas bioclim\u00e1ticas, Toldos y Mosquiteras.\" \/>\n<meta property=\"og:description\" content=\"Adem\u00e1s de fabricar ventanas, Giemme vende muchos otros productos para perfeccionar tu edificio en todos los aspectos: Puertas Correderas, Puertas de Cristal\/Puertas Vidrieras, Puertas de Interior Garofoli y Gidea, Boiserie, Entarimados, Armarios, Puertas de Entrada, Contraventanas, Persianas, Puertas Blindadas, Puertas de Garaje, Puertas Basculantes, Rejas, P\u00e9rgolas bioclim\u00e1ticas, Toldos y Mosquiteras.\" \/>\n<meta property=\"og:url\" content=\"https:\/\/www.giemme.net\/es\/giemme360\/\" \/>\n<meta property=\"og:site_name\" content=\"Giemme | Produzione e Vendita di Finestre, Serramenti, Infissi e Scorrevoli\" \/>\n<meta property=\"article:modified_time\" content=\"2024-11-13T09:25:47+00:00\" \/>\n<meta name=\"twitter:card\" content=\"summary_large_image\" \/>\n<meta name=\"twitter:label1\" content=\"Tiempo de lectura\" \/>\n\t<meta name=\"twitter:data1\" content=\"2 minutos\" \/>\n<script type=\"application\/ld+json\" class=\"yoast-schema-graph\">{\"@context\":\"https:\\\/\\\/schema.org\",\"@graph\":[{\"@type\":\"WebPage\",\"@id\":\"https:\\\/\\\/www.giemme.net\\\/es\\\/giemme360\\\/\",\"url\":\"https:\\\/\\\/www.giemme.net\\\/es\\\/giemme360\\\/\",\"name\":\"#Giemme360\u00b0 - Adem\u00e1s de fabricar ventanas, Giemme vende muchos otros productos para perfeccionar tu edificio en todos los aspectos: Puertas Correderas, Puertas de Cristal\\\/Puertas Vidrieras, \u00ac\u00acPuertas de Interior Garofoli y Gidea, Boiserie, Entarimados, Armarios, Puertas de Entrada, Contraventanas, Persianas, Puertas Blindadas, Puertas de Garaje, Puertas Basculantes, Rejas, P\u00e9rgolas bioclim\u00e1ticas, Toldos y Mosquiteras.\",\"isPartOf\":{\"@id\":\"https:\\\/\\\/www.giemme.net\\\/#website\"},\"datePublished\":\"2020-02-03T15:56:09+00:00\",\"dateModified\":\"2024-11-13T09:25:47+00:00\",\"description\":\"Adem\u00e1s de fabricar ventanas, Giemme vende muchos otros productos para perfeccionar tu edificio en todos los aspectos: Puertas Correderas, Puertas de Cristal\\\/Puertas Vidrieras, Puertas de Interior Garofoli y Gidea, Boiserie, Entarimados, Armarios, Puertas de Entrada, Contraventanas, Persianas, Puertas Blindadas, Puertas de Garaje, Puertas Basculantes, Rejas, P\u00e9rgolas bioclim\u00e1ticas, Toldos y Mosquiteras.\",\"breadcrumb\":{\"@id\":\"https:\\\/\\\/www.giemme.net\\\/es\\\/giemme360\\\/#breadcrumb\"},\"inLanguage\":\"es\",\"potentialAction\":[{\"@type\":\"ReadAction\",\"target\":[\"https:\\\/\\\/www.giemme.net\\\/es\\\/giemme360\\\/\"]}]},{\"@type\":\"BreadcrumbList\",\"@id\":\"https:\\\/\\\/www.giemme.net\\\/es\\\/giemme360\\\/#breadcrumb\",\"itemListElement\":[{\"@type\":\"ListItem\",\"position\":1,\"name\":\"Home\",\"item\":\"https:\\\/\\\/www.giemme.net\\\/es\\\/\"},{\"@type\":\"ListItem\",\"position\":2,\"name\":\"#Giemme360\u00b0\"}]},{\"@type\":\"WebSite\",\"@id\":\"https:\\\/\\\/www.giemme.net\\\/#website\",\"url\":\"https:\\\/\\\/www.giemme.net\\\/\",\"name\":\"Giemme | Produzione e Vendita di Finestre, Serramenti, Infissi e Scorrevoli\",\"description\":\"Finestre Italiane di Design\",\"potentialAction\":[{\"@type\":\"SearchAction\",\"target\":{\"@type\":\"EntryPoint\",\"urlTemplate\":\"https:\\\/\\\/www.giemme.net\\\/?s={search_term_string}\"},\"query-input\":{\"@type\":\"PropertyValueSpecification\",\"valueRequired\":true,\"valueName\":\"search_term_string\"}}],\"inLanguage\":\"es\"}]}<\/script>\n<!-- \/ Yoast SEO plugin. -->","yoast_head_json":{"title":"#Giemme360\u00b0 - Adem\u00e1s de fabricar ventanas, Giemme vende muchos otros productos para perfeccionar tu edificio en todos los aspectos: Puertas Correderas, Puertas de Cristal\/Puertas Vidrieras, \u00ac\u00acPuertas de Interior Garofoli y Gidea, Boiserie, Entarimados, Armarios, Puertas de Entrada, Contraventanas, Persianas, Puertas Blindadas, Puertas de Garaje, Puertas Basculantes, Rejas, P\u00e9rgolas bioclim\u00e1ticas, Toldos y Mosquiteras.","description":"Adem\u00e1s de fabricar ventanas, Giemme vende muchos otros productos para perfeccionar tu edificio en todos los aspectos: Puertas Correderas, Puertas de Cristal\/Puertas Vidrieras, Puertas de Interior Garofoli y Gidea, Boiserie, Entarimados, Armarios, Puertas de Entrada, Contraventanas, Persianas, Puertas Blindadas, Puertas de Garaje, Puertas Basculantes, Rejas, P\u00e9rgolas bioclim\u00e1ticas, Toldos y Mosquiteras.","robots":{"index":"index","follow":"follow","max-snippet":"max-snippet:-1","max-image-preview":"max-image-preview:large","max-video-preview":"max-video-preview:-1"},"canonical":"https:\/\/www.giemme.net\/es\/giemme360\/","og_locale":"es_ES","og_type":"article","og_title":"#Giemme360\u00b0 - Adem\u00e1s de fabricar ventanas, Giemme vende muchos otros productos para perfeccionar tu edificio en todos los aspectos: Puertas Correderas, Puertas de Cristal\/Puertas Vidrieras, \u00ac\u00acPuertas de Interior Garofoli y Gidea, Boiserie, Entarimados, Armarios, Puertas de Entrada, Contraventanas, Persianas, Puertas Blindadas, Puertas de Garaje, Puertas Basculantes, Rejas, P\u00e9rgolas bioclim\u00e1ticas, Toldos y Mosquiteras.","og_description":"Adem\u00e1s de fabricar ventanas, Giemme vende muchos otros productos para perfeccionar tu edificio en todos los aspectos: Puertas Correderas, Puertas de Cristal\/Puertas Vidrieras, Puertas de Interior Garofoli y Gidea, Boiserie, Entarimados, Armarios, Puertas de Entrada, Contraventanas, Persianas, Puertas Blindadas, Puertas de Garaje, Puertas Basculantes, Rejas, P\u00e9rgolas bioclim\u00e1ticas, Toldos y Mosquiteras.","og_url":"https:\/\/www.giemme.net\/es\/giemme360\/","og_site_name":"Giemme | Produzione e Vendita di Finestre, Serramenti, Infissi e Scorrevoli","article_modified_time":"2024-11-13T09:25:47+00:00","twitter_card":"summary_large_image","twitter_misc":{"Tiempo de lectura":"2 minutos"},"schema":{"@context":"https:\/\/schema.org","@graph":[{"@type":"WebPage","@id":"https:\/\/www.giemme.net\/es\/giemme360\/","url":"https:\/\/www.giemme.net\/es\/giemme360\/","name":"#Giemme360\u00b0 - Adem\u00e1s de fabricar ventanas, Giemme vende muchos otros productos para perfeccionar tu edificio en todos los aspectos: Puertas Correderas, Puertas de Cristal\/Puertas Vidrieras, \u00ac\u00acPuertas de Interior Garofoli y Gidea, Boiserie, Entarimados, Armarios, Puertas de Entrada, Contraventanas, Persianas, Puertas Blindadas, Puertas de Garaje, Puertas Basculantes, Rejas, P\u00e9rgolas bioclim\u00e1ticas, Toldos y Mosquiteras.","isPartOf":{"@id":"https:\/\/www.giemme.net\/#website"},"datePublished":"2020-02-03T15:56:09+00:00","dateModified":"2024-11-13T09:25:47+00:00","description":"Adem\u00e1s de fabricar ventanas, Giemme vende muchos otros productos para perfeccionar tu edificio en todos los aspectos: Puertas Correderas, Puertas de Cristal\/Puertas Vidrieras, Puertas de Interior Garofoli y Gidea, Boiserie, Entarimados, Armarios, Puertas de Entrada, Contraventanas, Persianas, Puertas Blindadas, Puertas de Garaje, Puertas Basculantes, Rejas, P\u00e9rgolas bioclim\u00e1ticas, Toldos y Mosquiteras.","breadcrumb":{"@id":"https:\/\/www.giemme.net\/es\/giemme360\/#breadcrumb"},"inLanguage":"es","potentialAction":[{"@type":"ReadAction","target":["https:\/\/www.giemme.net\/es\/giemme360\/"]}]},{"@type":"BreadcrumbList","@id":"https:\/\/www.giemme.net\/es\/giemme360\/#breadcrumb","itemListElement":[{"@type":"ListItem","position":1,"name":"Home","item":"https:\/\/www.giemme.net\/es\/"},{"@type":"ListItem","position":2,"name":"#Giemme360\u00b0"}]},{"@type":"WebSite","@id":"https:\/\/www.giemme.net\/#website","url":"https:\/\/www.giemme.net\/","name":"Giemme | Produzione e Vendita di Finestre, Serramenti, Infissi e Scorrevoli","description":"Finestre Italiane di Design","potentialAction":[{"@type":"SearchAction","target":{"@type":"EntryPoint","urlTemplate":"https:\/\/www.giemme.net\/?s={search_term_string}"},"query-input":{"@type":"PropertyValueSpecification","valueRequired":true,"valueName":"search_term_string"}}],"inLanguage":"es"}]}},"_links":{"self":[{"href":"https:\/\/www.giemme.net\/es\/wp-json\/wp\/v2\/pages\/16272","targetHints":{"allow":["GET"]}}],"collection":[{"href":"https:\/\/www.giemme.net\/es\/wp-json\/wp\/v2\/pages"}],"about":[{"href":"https:\/\/www.giemme.net\/es\/wp-json\/wp\/v2\/types\/page"}],"author":[{"embeddable":true,"href":"https:\/\/www.giemme.net\/es\/wp-json\/wp\/v2\/users\/1"}],"replies":[{"embeddable":true,"href":"https:\/\/www.giemme.net\/es\/wp-json\/wp\/v2\/comments?post=16272"}],"version-history":[{"count":7,"href":"https:\/\/www.giemme.net\/es\/wp-json\/wp\/v2\/pages\/16272\/revisions"}],"predecessor-version":[{"id":16824,"href":"https:\/\/www.giemme.net\/es\/wp-json\/wp\/v2\/pages\/16272\/revisions\/16824"}],"wp:attachment":[{"href":"https:\/\/www.giemme.net\/es\/wp-json\/wp\/v2\/media?parent=16272"}],"curies":[{"name":"wp","href":"https:\/\/api.w.org\/{rel}","templated":true}]}}