{"id":16262,"date":"2020-05-14T17:30:58","date_gmt":"2020-05-14T15:30:58","guid":{"rendered":"https:\/\/www.giemme.net\/minimal\/"},"modified":"2024-11-14T10:21:48","modified_gmt":"2024-11-14T09:21:48","slug":"minimal","status":"publish","type":"page","link":"https:\/\/www.giemme.net\/es\/portfolio\/carpinteria\/minimal\/","title":{"rendered":"Minimal"},"content":{"rendered":"<p>[vc_row content_aligment=\u00bbcenter\u00bb][vc_column][vc_single_image image=\u00bb13131&#8243; img_size=\u00bbfull\u00bb][\/vc_column][\/vc_row][vc_row content_width=\u00bbgrid\u00bb css=\u00bb.vc_custom_1506679446012{padding-top: 102px !important;padding-bottom: 71px !important;}\u00bb][vc_column width=\u00bb1\/4&#8243;][vc_column_text]<\/p>\n<h2>CARPINTER\u00cdA MINIMAL<\/h2>\n<p>[\/vc_column_text]<div class=\"edgtf-separator-holder clearfix  edgtf-separator-left\">\n\t<div class=\"edgtf-separator\" style=\"border-color: #504e4d;border-style: solid;width: 50px;border-bottom-width: 3px;margin-top: 16px;margin-bottom: 40px\"><\/div>\n<\/div>\n[\/vc_column][vc_column width=\u00bb3\/4&#8243;][vc_column_text]<strong>Formas geom\u00e9tricas y l\u00edneas finas se combinan con interiores y fachadas minimalistas, dando lugar a carpinter\u00eda de m\u00e1ximo rendimiento.<\/strong><br \/>\nNuestra nueva l\u00ednea <strong>Minimal<\/strong>, ideal para espacios modernos o contempor\u00e1neos, se caracteriza por vol\u00famenes muy reducidos (hojas de 63 mm) y fue dise\u00f1ada para esconder toda la hoja en el marco. Son puertas y ventanas que abren el camino a la luz, al dise\u00f1o y al panorama.<\/p>\n<p><strong>Las ventanas y balconeras de madera de esta l\u00ednea cuentan con elementos de tecnolog\u00eda avanzada, que no solo les brindan prestaciones t\u00e9rmicas, ac\u00fasticas y antirrobo extraordinarias, sino que tambi\u00e9n permiten mantener una calidad de alto nivel.<\/strong><br \/>\nSe trata de un nuevo concepto de ventana que realza los espacios con esencialidad y luminosidad. <strong>La ventana desaparece desde el exterior, brindando elegancia y sobriedad a las fachadas y creando, al mismo tiempo, un lugar seguro y fiable.<\/strong><\/p>\n<p>Nuestro personal t\u00e9cnico sabr\u00e1 no solo aclarar cualquiera de tus dudas, sino tambi\u00e9n guiarte en la elecci\u00f3n de los productos m\u00e1s adecuados para tus necesidades.[\/vc_column_text][\/vc_column][\/vc_row][vc_row content_width=\u00bbgrid\u00bb content_aligment=\u00bbcenter\u00bb][vc_column width=\u00bb1\/6&#8243;]<div class=\"edgtf-iwt clearfix edgtf-iwt-icon-top edgtf-iwt-icon-tiny\">\n    <div class=\"edgtf-iwt-icon-holder\">\n                    <img loading=\"lazy\" decoding=\"async\" width=\"100\" height=\"100\" src=\"https:\/\/www.giemme.net\/wp-content\/uploads\/2021\/07\/visione-M.png\" class=\"attachment-full size-full\" alt=\"\" \/>            <\/div>\n    <div class=\"edgtf-iwt-content-holder\" >\n        <div class=\"edgtf-iwt-title-holder\">\n            <h4 style=\"color: #504e4d\">VISTA DE ACRISTALAMIENTO TOTAL DESDE EL EXTERIOR<\/h4>\n        <\/div>\n        <div class=\"edgtf-iwt-text-holder\">\n            <p ><\/p>\n\n                    <\/div>\n    <\/div>\n<\/div>[vc_empty_space][\/vc_column][vc_column width=\u00bb1\/6&#8243;]<div class=\"edgtf-iwt clearfix edgtf-iwt-icon-top edgtf-iwt-icon-tiny\">\n    <div class=\"edgtf-iwt-icon-holder\">\n                    <img loading=\"lazy\" decoding=\"async\" width=\"100\" height=\"100\" src=\"https:\/\/www.giemme.net\/wp-content\/uploads\/2021\/07\/piacere-M.png\" class=\"attachment-full size-full\" alt=\"\" \/>            <\/div>\n    <div class=\"edgtf-iwt-content-holder\" >\n        <div class=\"edgtf-iwt-title-holder\">\n            <h4 style=\"color: #504e4d\">LA BELLEZA DE LAS L\u00cdNEAS LIMPIAS DE LA MADERA EN EL INTERIOR<\/h4>\n        <\/div>\n        <div class=\"edgtf-iwt-text-holder\">\n            <p ><\/p>\n\n                    <\/div>\n    <\/div>\n<\/div>[vc_empty_space][\/vc_column][vc_column width=\u00bb1\/6&#8243;]<div class=\"edgtf-iwt clearfix edgtf-iwt-icon-top edgtf-iwt-icon-tiny\">\n    <div class=\"edgtf-iwt-icon-holder\">\n                    <img loading=\"lazy\" decoding=\"async\" width=\"100\" height=\"100\" src=\"https:\/\/www.giemme.net\/wp-content\/uploads\/2021\/07\/applicazione-M.png\" class=\"attachment-full size-full\" alt=\"\" \/>            <\/div>\n    <div class=\"edgtf-iwt-content-holder\" >\n        <div class=\"edgtf-iwt-title-holder\">\n            <h4 style=\"color: #504e4d\">INSTALACI\u00d3N A RAS DE PARED EN EL LADO INTERIOR<\/h4>\n        <\/div>\n        <div class=\"edgtf-iwt-text-holder\">\n            <p ><\/p>\n\n                    <\/div>\n    <\/div>\n<\/div>[vc_empty_space][\/vc_column][vc_column width=\u00bb1\/6&#8243;]<div class=\"edgtf-iwt clearfix edgtf-iwt-icon-top edgtf-iwt-icon-tiny\">\n    <div class=\"edgtf-iwt-icon-holder\">\n                    <img loading=\"lazy\" decoding=\"async\" width=\"100\" height=\"100\" src=\"https:\/\/www.giemme.net\/wp-content\/uploads\/2021\/07\/vernice-M.png\" class=\"attachment-full size-full\" alt=\"\" \/>            <\/div>\n    <div class=\"edgtf-iwt-content-holder\" >\n        <div class=\"edgtf-iwt-title-holder\">\n            <h4 style=\"color: #504e4d\">GARANT\u00cdA DE BARNIZADO<\/h4>\n        <\/div>\n        <div class=\"edgtf-iwt-text-holder\">\n            <p ><\/p>\n\n                    <\/div>\n    <\/div>\n<\/div>[vc_empty_space][\/vc_column][vc_column width=\u00bb1\/6&#8243;]<div class=\"edgtf-iwt clearfix edgtf-iwt-icon-top edgtf-iwt-icon-tiny\">\n    <div class=\"edgtf-iwt-icon-holder\">\n                    <img loading=\"lazy\" decoding=\"async\" width=\"100\" height=\"100\" src=\"https:\/\/www.giemme.net\/wp-content\/uploads\/2021\/07\/design-M.png\" class=\"attachment-full size-full\" alt=\"\" \/>            <\/div>\n    <div class=\"edgtf-iwt-content-holder\" >\n        <div class=\"edgtf-iwt-title-holder\">\n            <h4 style=\"color: #504e4d\">DISE\u00d1O PERSONALIZABLE<\/h4>\n        <\/div>\n        <div class=\"edgtf-iwt-text-holder\">\n            <p ><\/p>\n\n                    <\/div>\n    <\/div>\n<\/div>[vc_empty_space][\/vc_column][vc_column width=\u00bb1\/6&#8243;]<div class=\"edgtf-iwt clearfix edgtf-iwt-icon-top edgtf-iwt-icon-tiny\">\n    <div class=\"edgtf-iwt-icon-holder\">\n                    <img loading=\"lazy\" decoding=\"async\" width=\"100\" height=\"100\" src=\"https:\/\/www.giemme.net\/wp-content\/uploads\/2021\/07\/efficientamento-M.png\" class=\"attachment-full size-full\" alt=\"\" \/>            <\/div>\n    <div class=\"edgtf-iwt-content-holder\" >\n        <div class=\"edgtf-iwt-title-holder\">\n            <h4 style=\"color: #504e4d\">DE ALTA EFICIENCIA ENERG\u00c9TICA<\/h4>\n        <\/div>\n        <div class=\"edgtf-iwt-text-holder\">\n            <p ><\/p>\n\n                    <\/div>\n    <\/div>\n<\/div>[vc_empty_space][\/vc_column][\/vc_row][vc_row content_width=\u00bbgrid\u00bb][vc_column]<div class = \"edgtf-portfolio-list-holder-outer edgtf-ptf-standard edgtf-ptf-four-columns edgtf-ptf-load-more edgtf-ptf-has-filter edgtf-hover-outline\" data-next-page=\"2\" data-type=\"standard\" data-columns=\"4\" data-grid-size=\"three\" data-order-by=\"date\" data-order=\"ASC\" data-number=\"-1\" data-image-size=\"square\" data-filter=\"yes\" data-filter-order-by=\"name\" data-category=\"minimal\" data-show-load-more=\"yes\" data-title-tag=\"h4\" data-max-num-pages = 0><div class=\"edgtf-portfolio-filter-holder \">\n    <div class=\"edgtf-portfolio-filter-holder-inner\">\n                \n            <\/div>\n<\/div><div class = \"edgtf-portfolio-list-holder clearfix\" >\n<article class=\"edgtf-portfolio-item mix portfolio_category_650 portfolio_category_654\">\n\t<div class = \"edgtf-item-image-holder\">\n\t\t<a href=\"https:\/\/www.giemme.net\/es\/portfolio-item\/overview\/\">\n\t\t\t<img loading=\"lazy\" decoding=\"async\" width=\"550\" height=\"550\" src=\"https:\/\/www.giemme.net\/wp-content\/uploads\/2021\/06\/OV20_550x550.jpg\" class=\"attachment-ratio_edge_square size-ratio_edge_square wp-post-image\" alt=\"\" srcset=\"https:\/\/www.giemme.net\/wp-content\/uploads\/2021\/06\/OV20_550x550.jpg 550w, https:\/\/www.giemme.net\/wp-content\/uploads\/2021\/06\/OV20_550x550-300x300.jpg 300w, https:\/\/www.giemme.net\/wp-content\/uploads\/2021\/06\/OV20_550x550-150x150.jpg 150w\" sizes=\"auto, (max-width: 550px) 100vw, 550px\" \/>\t\t\t<span class=\"edgtf-view-project\">View Project<\/span>\n\t\t\t<span class=\"edgtf-hover-border\"><\/span>\n\t\t<\/a>\n\t<\/div>\n\t<div class=\"edgtf-item-text-holder\">\n\t\t<h4 class=\"edgtf-item-title\">\n\t\t\t<a href=\"https:\/\/www.giemme.net\/es\/portfolio-item\/overview\/\">\n\t\t\t\tOver View\t\t\t<\/a>\t\n\t\t<\/h4>\t\n\t\t<h6 class=\"edgtf-ptf-category-holder\"><span>Carpinter\u00eda<\/span>, <span>Minimal<\/span><\/h6>\t<\/div>\n<\/article>\n\n\n<article class=\"edgtf-portfolio-item mix portfolio_category_650 portfolio_category_654\">\n\t<div class = \"edgtf-item-image-holder\">\n\t\t<a href=\"https:\/\/www.giemme.net\/es\/portfolio-item\/overlux-space-minimal\/\">\n\t\t\t<img loading=\"lazy\" decoding=\"async\" width=\"482\" height=\"482\" src=\"https:\/\/www.giemme.net\/wp-content\/uploads\/2021\/07\/OVERLUX-SPACE-09.jpg\" class=\"attachment-ratio_edge_square size-ratio_edge_square wp-post-image\" alt=\"\" srcset=\"https:\/\/www.giemme.net\/wp-content\/uploads\/2021\/07\/OVERLUX-SPACE-09.jpg 482w, https:\/\/www.giemme.net\/wp-content\/uploads\/2021\/07\/OVERLUX-SPACE-09-300x300.jpg 300w, https:\/\/www.giemme.net\/wp-content\/uploads\/2021\/07\/OVERLUX-SPACE-09-150x150.jpg 150w\" sizes=\"auto, (max-width: 482px) 100vw, 482px\" \/>\t\t\t<span class=\"edgtf-view-project\">View Project<\/span>\n\t\t\t<span class=\"edgtf-hover-border\"><\/span>\n\t\t<\/a>\n\t<\/div>\n\t<div class=\"edgtf-item-text-holder\">\n\t\t<h4 class=\"edgtf-item-title\">\n\t\t\t<a href=\"https:\/\/www.giemme.net\/es\/portfolio-item\/overlux-space-minimal\/\">\n\t\t\t\tOverlux Space\t\t\t<\/a>\t\n\t\t<\/h4>\t\n\t\t<h6 class=\"edgtf-ptf-category-holder\"><span>Carpinter\u00eda<\/span>, <span>Minimal<\/span><\/h6>\t<\/div>\n<\/article>\n\n\n<article class=\"edgtf-portfolio-item mix portfolio_category_650 portfolio_category_654\">\n\t<div class = \"edgtf-item-image-holder\">\n\t\t<a href=\"https:\/\/www.giemme.net\/es\/portfolio-item\/overlux-space-plus-minimal\/\">\n\t\t\t<img loading=\"lazy\" decoding=\"async\" width=\"550\" height=\"550\" src=\"https:\/\/www.giemme.net\/wp-content\/uploads\/2021\/07\/OVSP20_550x550.jpg\" class=\"attachment-ratio_edge_square size-ratio_edge_square wp-post-image\" alt=\"\" srcset=\"https:\/\/www.giemme.net\/wp-content\/uploads\/2021\/07\/OVSP20_550x550.jpg 550w, https:\/\/www.giemme.net\/wp-content\/uploads\/2021\/07\/OVSP20_550x550-300x300.jpg 300w, https:\/\/www.giemme.net\/wp-content\/uploads\/2021\/07\/OVSP20_550x550-150x150.jpg 150w\" sizes=\"auto, (max-width: 550px) 100vw, 550px\" \/>\t\t\t<span class=\"edgtf-view-project\">View Project<\/span>\n\t\t\t<span class=\"edgtf-hover-border\"><\/span>\n\t\t<\/a>\n\t<\/div>\n\t<div class=\"edgtf-item-text-holder\">\n\t\t<h4 class=\"edgtf-item-title\">\n\t\t\t<a href=\"https:\/\/www.giemme.net\/es\/portfolio-item\/overlux-space-plus-minimal\/\">\n\t\t\t\tOverlux Space-Plus\t\t\t<\/a>\t\n\t\t<\/h4>\t\n\t\t<h6 class=\"edgtf-ptf-category-holder\"><span>Carpinter\u00eda<\/span>, <span>Minimal<\/span><\/h6>\t<\/div>\n<\/article>\n\n\n<article class=\"edgtf-portfolio-item mix portfolio_category_650 portfolio_category_654\">\n\t<div class = \"edgtf-item-image-holder\">\n\t\t<a href=\"https:\/\/www.giemme.net\/es\/portfolio-item\/overlux-secret-minimal\/\">\n\t\t\t<img loading=\"lazy\" decoding=\"async\" width=\"482\" height=\"482\" src=\"https:\/\/www.giemme.net\/wp-content\/uploads\/2021\/07\/overlux-secret-09.jpg\" class=\"attachment-ratio_edge_square size-ratio_edge_square wp-post-image\" alt=\"\" srcset=\"https:\/\/www.giemme.net\/wp-content\/uploads\/2021\/07\/overlux-secret-09.jpg 482w, https:\/\/www.giemme.net\/wp-content\/uploads\/2021\/07\/overlux-secret-09-300x300.jpg 300w, https:\/\/www.giemme.net\/wp-content\/uploads\/2021\/07\/overlux-secret-09-150x150.jpg 150w\" sizes=\"auto, (max-width: 482px) 100vw, 482px\" \/>\t\t\t<span class=\"edgtf-view-project\">View Project<\/span>\n\t\t\t<span class=\"edgtf-hover-border\"><\/span>\n\t\t<\/a>\n\t<\/div>\n\t<div class=\"edgtf-item-text-holder\">\n\t\t<h4 class=\"edgtf-item-title\">\n\t\t\t<a href=\"https:\/\/www.giemme.net\/es\/portfolio-item\/overlux-secret-minimal\/\">\n\t\t\t\tOverlux Secret\t\t\t<\/a>\t\n\t\t<\/h4>\t\n\t\t<h6 class=\"edgtf-ptf-category-holder\"><span>Carpinter\u00eda<\/span>, <span>Minimal<\/span><\/h6>\t<\/div>\n<\/article>\n\n<div class='edgtf-portfolio-gap'><\/div>\n<div class='edgtf-portfolio-gap'><\/div>\n<div class='edgtf-portfolio-gap'><\/div>\n<div class='edgtf-portfolio-gap'><\/div>\n<\/div><\/div>[\/vc_column][\/vc_row][vc_row][vc_column]\t<div class=\"edgtf-call-to-action normal\" >\n\t\t\n\t\t\t\t<div class=\"edgtf-container-inner\">\n\t\t\n\t\t\t<div class=\"edgtf-call-to-action-together\" style=\"padding: 20px;text-align:center\">\n\t\t\t\t<div class=\"edgtf-text-wrapper edgtf-call-to-action-column1 edgtf-call-to-action-cell\">\n\t\t\t\t\t\t\t\t\t<div class=\"edgtf-call-to-action-text\" style=\"color: #ffffff\">\n<h3><strong><span style=\"color: #ffffff;\">\u00bfQuieres recibir m\u00e1s informaci\u00f3n o un presupuesto?<\/span><\/strong><\/h3>\n<\/div>\n\t\t\t\t<\/div>\n\n\t\t\t\t\t\t\t\t\t<div class=\"edgtf-button-wrapper edgtf-call-to-action-column2 edgtf-call-to-action-cell\" style =\"text-align: right ;\">\n\t\t\t\t\t\t<a href=\"\/es\/contactos\/\" target=\"_self\"  class=\"edgtf-btn edgtf-btn-large edgtf-btn-outline edgtf-has-hover\"  >    <span class=\"edgtf-btn-text\">Cont\u00e1ctanos<\/span>    <span class=\"edgtf-btn-background-holder\" ><\/span>    <span class=\"edgtf-btn-background-hover-holder\" ><\/span><\/a>\t\t\t\t\t<\/div>\n\t\t\t\t\t\t\t<\/div>\n\t\t\t\t<\/div>\n\t\t\t<\/div>\n[\/vc_column][\/vc_row]<\/p>\n","protected":false},"excerpt":{"rendered":"<p>[vc_row content_aligment=\u00bbcenter\u00bb][vc_column][vc_single_image image=\u00bb13131&#8243; img_size=\u00bbfull\u00bb][\/vc_column][\/vc_row][vc_row content_width=\u00bbgrid\u00bb css=\u00bb.vc_custom_1506679446012{padding-top: 102px !important;padding-bottom: 71px !important;}\u00bb][vc_column width=\u00bb1\/4&#8243;][vc_column_text] CARPINTER\u00cdA MINIMAL [\/vc_column_text][\/vc_column][vc_column width=\u00bb3\/4&#8243;][vc_column_text]Formas geom\u00e9tricas y l\u00edneas finas se combinan con interiores y fachadas minimalistas, dando lugar a carpinter\u00eda de m\u00e1ximo rendimiento. Nuestra nueva l\u00ednea Minimal, ideal para espacios modernos o contempor\u00e1neos, se caracteriza&#8230;<\/p>\n","protected":false},"author":1,"featured_media":0,"parent":16828,"menu_order":0,"comment_status":"closed","ping_status":"closed","template":"full-width.php","meta":{"ngg_post_thumbnail":0,"footnotes":""},"class_list":["post-16262","page","type-page","status-publish","hentry"],"yoast_head":"<!-- This site is optimized with the Yoast SEO plugin v27.4 - https:\/\/yoast.com\/product\/yoast-seo-wordpress\/ -->\n<title>Minimal - La carpinter\u00eda Giemme MINIMAL se fabrica con madera y aluminium de alta selecci\u00f3n<\/title>\n<meta name=\"description\" content=\"La carpinter\u00eda (Ventanas, Balconeras, Correderas y Correderas Elevables) MINIMAL se fabrica con madera y aluminium de alta selecci\u00f3n procedente de proveedores sostenibles, los cuales ofrecen madera laminada con adhesivos certificados que garantizan estabilidad, durabilidad a largo plazo y alto rendimiento est\u00e9tico.\" \/>\n<meta name=\"robots\" content=\"index, follow, max-snippet:-1, max-image-preview:large, max-video-preview:-1\" \/>\n<link rel=\"canonical\" href=\"https:\/\/www.giemme.net\/es\/portfolio\/carpinteria\/minimal\/\" \/>\n<meta property=\"og:locale\" content=\"es_ES\" \/>\n<meta property=\"og:type\" content=\"article\" \/>\n<meta property=\"og:title\" content=\"Minimal - La carpinter\u00eda Giemme MINIMAL se fabrica con madera y aluminium de alta selecci\u00f3n\" \/>\n<meta property=\"og:description\" content=\"La carpinter\u00eda (Ventanas, Balconeras, Correderas y Correderas Elevables) MINIMAL se fabrica con madera y aluminium de alta selecci\u00f3n procedente de proveedores sostenibles, los cuales ofrecen madera laminada con adhesivos certificados que garantizan estabilidad, durabilidad a largo plazo y alto rendimiento est\u00e9tico.\" \/>\n<meta property=\"og:url\" content=\"https:\/\/www.giemme.net\/es\/portfolio\/carpinteria\/minimal\/\" \/>\n<meta property=\"og:site_name\" content=\"Giemme | Produzione e Vendita di Finestre, Serramenti, Infissi e Scorrevoli\" \/>\n<meta property=\"article:modified_time\" content=\"2024-11-14T09:21:48+00:00\" \/>\n<meta name=\"twitter:card\" content=\"summary_large_image\" \/>\n<meta name=\"twitter:label1\" content=\"Tiempo de lectura\" \/>\n\t<meta name=\"twitter:data1\" content=\"2 minutos\" \/>\n<script type=\"application\/ld+json\" class=\"yoast-schema-graph\">{\"@context\":\"https:\\\/\\\/schema.org\",\"@graph\":[{\"@type\":\"WebPage\",\"@id\":\"https:\\\/\\\/www.giemme.net\\\/es\\\/portfolio\\\/carpinteria\\\/minimal\\\/\",\"url\":\"https:\\\/\\\/www.giemme.net\\\/es\\\/portfolio\\\/carpinteria\\\/minimal\\\/\",\"name\":\"Minimal - La carpinter\u00eda Giemme MINIMAL se fabrica con madera y aluminium de alta selecci\u00f3n\",\"isPartOf\":{\"@id\":\"https:\\\/\\\/www.giemme.net\\\/#website\"},\"datePublished\":\"2020-05-14T15:30:58+00:00\",\"dateModified\":\"2024-11-14T09:21:48+00:00\",\"description\":\"La carpinter\u00eda (Ventanas, Balconeras, Correderas y Correderas Elevables) MINIMAL se fabrica con madera y aluminium de alta selecci\u00f3n procedente de proveedores sostenibles, los cuales ofrecen madera laminada con adhesivos certificados que garantizan estabilidad, durabilidad a largo plazo y alto rendimiento est\u00e9tico.\",\"breadcrumb\":{\"@id\":\"https:\\\/\\\/www.giemme.net\\\/es\\\/portfolio\\\/carpinteria\\\/minimal\\\/#breadcrumb\"},\"inLanguage\":\"es\",\"potentialAction\":[{\"@type\":\"ReadAction\",\"target\":[\"https:\\\/\\\/www.giemme.net\\\/es\\\/portfolio\\\/carpinteria\\\/minimal\\\/\"]}]},{\"@type\":\"BreadcrumbList\",\"@id\":\"https:\\\/\\\/www.giemme.net\\\/es\\\/portfolio\\\/carpinteria\\\/minimal\\\/#breadcrumb\",\"itemListElement\":[{\"@type\":\"ListItem\",\"position\":1,\"name\":\"Home\",\"item\":\"https:\\\/\\\/www.giemme.net\\\/es\\\/\"},{\"@type\":\"ListItem\",\"position\":2,\"name\":\"Portfolio\",\"item\":\"https:\\\/\\\/www.giemme.net\\\/es\\\/portfolio\\\/\"},{\"@type\":\"ListItem\",\"position\":3,\"name\":\"Carpinter\u00eda\",\"item\":\"https:\\\/\\\/www.giemme.net\\\/es\\\/portfolio\\\/carpinteria\\\/\"},{\"@type\":\"ListItem\",\"position\":4,\"name\":\"Minimal\"}]},{\"@type\":\"WebSite\",\"@id\":\"https:\\\/\\\/www.giemme.net\\\/#website\",\"url\":\"https:\\\/\\\/www.giemme.net\\\/\",\"name\":\"Giemme | Produzione e Vendita di Finestre, Serramenti, Infissi e Scorrevoli\",\"description\":\"Finestre Italiane di Design\",\"potentialAction\":[{\"@type\":\"SearchAction\",\"target\":{\"@type\":\"EntryPoint\",\"urlTemplate\":\"https:\\\/\\\/www.giemme.net\\\/?s={search_term_string}\"},\"query-input\":{\"@type\":\"PropertyValueSpecification\",\"valueRequired\":true,\"valueName\":\"search_term_string\"}}],\"inLanguage\":\"es\"}]}<\/script>\n<!-- \/ Yoast SEO plugin. -->","yoast_head_json":{"title":"Minimal - La carpinter\u00eda Giemme MINIMAL se fabrica con madera y aluminium de alta selecci\u00f3n","description":"La carpinter\u00eda (Ventanas, Balconeras, Correderas y Correderas Elevables) MINIMAL se fabrica con madera y aluminium de alta selecci\u00f3n procedente de proveedores sostenibles, los cuales ofrecen madera laminada con adhesivos certificados que garantizan estabilidad, durabilidad a largo plazo y alto rendimiento est\u00e9tico.","robots":{"index":"index","follow":"follow","max-snippet":"max-snippet:-1","max-image-preview":"max-image-preview:large","max-video-preview":"max-video-preview:-1"},"canonical":"https:\/\/www.giemme.net\/es\/portfolio\/carpinteria\/minimal\/","og_locale":"es_ES","og_type":"article","og_title":"Minimal - La carpinter\u00eda Giemme MINIMAL se fabrica con madera y aluminium de alta selecci\u00f3n","og_description":"La carpinter\u00eda (Ventanas, Balconeras, Correderas y Correderas Elevables) MINIMAL se fabrica con madera y aluminium de alta selecci\u00f3n procedente de proveedores sostenibles, los cuales ofrecen madera laminada con adhesivos certificados que garantizan estabilidad, durabilidad a largo plazo y alto rendimiento est\u00e9tico.","og_url":"https:\/\/www.giemme.net\/es\/portfolio\/carpinteria\/minimal\/","og_site_name":"Giemme | Produzione e Vendita di Finestre, Serramenti, Infissi e Scorrevoli","article_modified_time":"2024-11-14T09:21:48+00:00","twitter_card":"summary_large_image","twitter_misc":{"Tiempo de lectura":"2 minutos"},"schema":{"@context":"https:\/\/schema.org","@graph":[{"@type":"WebPage","@id":"https:\/\/www.giemme.net\/es\/portfolio\/carpinteria\/minimal\/","url":"https:\/\/www.giemme.net\/es\/portfolio\/carpinteria\/minimal\/","name":"Minimal - La carpinter\u00eda Giemme MINIMAL se fabrica con madera y aluminium de alta selecci\u00f3n","isPartOf":{"@id":"https:\/\/www.giemme.net\/#website"},"datePublished":"2020-05-14T15:30:58+00:00","dateModified":"2024-11-14T09:21:48+00:00","description":"La carpinter\u00eda (Ventanas, Balconeras, Correderas y Correderas Elevables) MINIMAL se fabrica con madera y aluminium de alta selecci\u00f3n procedente de proveedores sostenibles, los cuales ofrecen madera laminada con adhesivos certificados que garantizan estabilidad, durabilidad a largo plazo y alto rendimiento est\u00e9tico.","breadcrumb":{"@id":"https:\/\/www.giemme.net\/es\/portfolio\/carpinteria\/minimal\/#breadcrumb"},"inLanguage":"es","potentialAction":[{"@type":"ReadAction","target":["https:\/\/www.giemme.net\/es\/portfolio\/carpinteria\/minimal\/"]}]},{"@type":"BreadcrumbList","@id":"https:\/\/www.giemme.net\/es\/portfolio\/carpinteria\/minimal\/#breadcrumb","itemListElement":[{"@type":"ListItem","position":1,"name":"Home","item":"https:\/\/www.giemme.net\/es\/"},{"@type":"ListItem","position":2,"name":"Portfolio","item":"https:\/\/www.giemme.net\/es\/portfolio\/"},{"@type":"ListItem","position":3,"name":"Carpinter\u00eda","item":"https:\/\/www.giemme.net\/es\/portfolio\/carpinteria\/"},{"@type":"ListItem","position":4,"name":"Minimal"}]},{"@type":"WebSite","@id":"https:\/\/www.giemme.net\/#website","url":"https:\/\/www.giemme.net\/","name":"Giemme | Produzione e Vendita di Finestre, Serramenti, Infissi e Scorrevoli","description":"Finestre Italiane di Design","potentialAction":[{"@type":"SearchAction","target":{"@type":"EntryPoint","urlTemplate":"https:\/\/www.giemme.net\/?s={search_term_string}"},"query-input":{"@type":"PropertyValueSpecification","valueRequired":true,"valueName":"search_term_string"}}],"inLanguage":"es"}]}},"_links":{"self":[{"href":"https:\/\/www.giemme.net\/es\/wp-json\/wp\/v2\/pages\/16262","targetHints":{"allow":["GET"]}}],"collection":[{"href":"https:\/\/www.giemme.net\/es\/wp-json\/wp\/v2\/pages"}],"about":[{"href":"https:\/\/www.giemme.net\/es\/wp-json\/wp\/v2\/types\/page"}],"author":[{"embeddable":true,"href":"https:\/\/www.giemme.net\/es\/wp-json\/wp\/v2\/users\/1"}],"replies":[{"embeddable":true,"href":"https:\/\/www.giemme.net\/es\/wp-json\/wp\/v2\/comments?post=16262"}],"version-history":[{"count":2,"href":"https:\/\/www.giemme.net\/es\/wp-json\/wp\/v2\/pages\/16262\/revisions"}],"predecessor-version":[{"id":16881,"href":"https:\/\/www.giemme.net\/es\/wp-json\/wp\/v2\/pages\/16262\/revisions\/16881"}],"up":[{"embeddable":true,"href":"https:\/\/www.giemme.net\/es\/wp-json\/wp\/v2\/pages\/16828"}],"wp:attachment":[{"href":"https:\/\/www.giemme.net\/es\/wp-json\/wp\/v2\/media?parent=16262"}],"curies":[{"name":"wp","href":"https:\/\/api.w.org\/{rel}","templated":true}]}}